{"id":8749,"date":"2021-07-14T18:41:17","date_gmt":"2021-07-14T18:41:17","guid":{"rendered":"https:\/\/bionicprotect.nl\/?page_id=8749"},"modified":"2021-07-24T08:00:43","modified_gmt":"2021-07-24T08:00:43","slug":"a-propos-de-nous","status":"publish","type":"page","link":"https:\/\/bionicprotect.nl\/fr\/a-propos-de-nous\/","title":{"rendered":"A propos de nous"},"content":{"rendered":"<section class=\"hero-section\" style=\"background-image: url(https:\/\/bionicprotect.nl\/wp-content\/uploads\/bg6.jpg);\">\n\t<div class=\"mask\"><\/div>\n\t<div class=\"hero-section__container\">\n\t\t<div class=\"hero-section__row\">\n\t\t\t<div class=\"hero-section__block\">\n\t\t\t\t\t\t\t\t\t\t\t\t\t<div class=\"icon-inner \">\n\t\t\t\t\t\t\t\t\t\t\t\t\t<p class=\"hero-title\">A propos<br> de nous<\/p>\n\t\t\t\t\t\t\t\t\t\t\t\t\t<img decoding=\"async\" class=\"icon-right def\" src=\"https:\/\/bionicprotect.nl\/wp-content\/uploads\/BP_Vignet.svg\" alt=\"BP_Vignet\">\n\t\t\t\t\t\t\t\t\t\t\t<\/div>\n\t\t\t\t\n\t\t\t<\/div>\n\t\t<\/div>\n\t<\/div>\n<\/section>\n\n\n\n        <div class=\"default-content wp-block-wrapper block-spacer-wrapper\">\n<div style=\"height:20px\" aria-hidden=\"true\" class=\"wp-block-spacer\"><\/div>\n<\/div>\n\n<section  class=\"image-and-text-section\">\n\t<div class=\"image-and-text-section__container\">\n\t\t<div class=\"image-and-text-section__row\">\n\t\t\t<div class=\"image-and-text-section__block\">\n\t\t\t\t\t\t\t\t<div class=\"left-side\">\n\t\t\t\t\t\t\t\t\t\t\t<img decoding=\"async\" src=\"https:\/\/bionicprotect.nl\/wp-content\/uploads\/Sustainable-coatings-cleaners.jpg\" alt=\"image\">\n\t\t\t\t\t\t\t\t\t\t\t\t\t\t<\/div>\n\t\t\t\t<div class=\"right-side\">\n\t\t\t\t\t\t\t\t\t\t\t<h3 class=\"title\">Faites votre part pour cr\u00e9er un monde meilleur.<\/h3>\n\t\t\t\t\t\t\t\t\t\t<div class=\"text\">\n\t\t\t\t\t\t<p>Ne tournons pas autour du pot : il est tr\u00e8s important que nous prot\u00e9gions et nettoyions tous les mat\u00e9riaux, mais pas au d\u00e9triment de l&rsquo;environnement. Vous vous souvenez peut-\u00eatre qu&rsquo;il y a quelque temps, le monde de la construction a \u00e9t\u00e9 mis en veilleuse en raison de l&rsquo;\u00e9norme quantit\u00e9 de PFAS pr\u00e9sente dans le sol n\u00e9erlandais. Et qu&rsquo;en est-il de la pollution par les PFAS, les silicones et les polym\u00e8res (fluor\u00e9s) ? Toutes les substances nocives utilis\u00e9es pour les rev\u00eatements et l&rsquo;impr\u00e9gnation. Les agents de nettoyage sont souvent pourvus de substances chimiques. Tout cela doit \u00eatre arr\u00eat\u00e9. Vous le pensez aussi, n&rsquo;est-ce pas ? Et c&rsquo;est pourquoi BionicProtect existe. BionicProtect veut contribuer avec vous \u00e0 un monde meilleur, sans faire de concessions sur l&rsquo;objectif de prot\u00e9ger les mat\u00e9riaux et de les garder propres pendant longtemps.<\/p>\n\t\t\t\t\t<\/div>\n\t\t\t\t\t\t\t\t\t\t\t<a class=\"cta-button black\" href=\"https:\/\/bionicprotect.nl\/fr\/projecten\/\" title=\"Projets\"\n\t\t\t\t\t\t\t target=\"\">\n\t\t\t\t\t\t\tProjets\t\t\t\t\t\t\t<i class=\"fa fa-angle-right\"><\/i>\n\t\t\t\t\t\t<\/a>\n\t\t\t\t\t\t\t\t\t<\/div>\n\t\t\t<\/div>\n\t\t<\/div>\n\t<\/div>\n<\/section>\n\n\n<section  class=\"content-columns-section\">\n\t<div class=\"content-columns-section__container\">\n\t\t<div class=\"content-columns-section__row\">\n\t\t\t<div class=\"content-columns-section__block\">\n\t\t\t\t\t\t\t\t\t<div class=\"column trc \" >\n\t\t\t\t\t\t\t\t\t\t\t\t\t\t\t\t\t\t\t\t<h5 class=\"title\" style=\"color:#0db14b\";>\n\t\t\t\t\t\t\t\t\t\u00c9cologiquement responsable\t\t\t\t\t\t\t\t<\/h5>\n\t\t\t\t\t\t\t\t\t\t\t\t\t\t\t\t\t\t\t\t\t\t\t\t\t<div class=\"content\">\n\t\t\t\t\t\t\t\t<ul>\n<li>Notre cadre de vie m\u00e9rite une plus grande attention si l&rsquo;on veut le pr\u00e9server pour l&rsquo;avenir de nos enfants et petits-enfants. Pour ce faire, il suffit de choisir des produits qui sont tout aussi bons, voire meilleurs, sans nuire \u00e0 l&rsquo;environnement. Et cela ne doit rien co\u00fbter, comme le prouve BionicProtect.<\/li>\n<\/ul>\n\t\t\t\t\t\t\t<\/div>\n\t\t\t\t\t\t\t\t\t\t\t\t\t\t\t\t\t<\/div>\n\t\t\t\t\t\t\t\t\t<div class=\"column trc \" >\n\t\t\t\t\t\t\t\t\t\t\t\t\t\t\t\t\t\t\t\t<h5 class=\"title\" style=\"color:#0db14b\";>\n\t\t\t\t\t\t\t\t\tRendre les produits plus durables\t\t\t\t\t\t\t\t<\/h5>\n\t\t\t\t\t\t\t\t\t\t\t\t\t\t\t\t\t\t\t\t\t\t\t\t\t<div class=\"content\">\n\t\t\t\t\t\t\t\t<ul>\n<li>Avec BionicProtect, vous pouvez conserver les mat\u00e9riaux et les objets dans leur \u00e9tat d&rsquo;origine. De plus, vous les rendez \u00ab\u00a0faciles \u00e0 nettoyer\u00a0\u00bb. Les manteaux ajoutent souvent des valeurs suppl\u00e9mentaires. Pensez aux \u00e9conomies d&rsquo;\u00e9nergie lors de l&rsquo;application de BionicCoat sur les fa\u00e7ades, \u00e0 la pr\u00e9vention du remplacement car le mat\u00e9riau rev\u00eatu reste dans un \u00e9tat neuf, \u00e0 la pr\u00e9vention de la d\u00e9coloration par les UV, etc.<\/li>\n<\/ul>\n\t\t\t\t\t\t\t<\/div>\n\t\t\t\t\t\t\t\t\t\t\t\t\t\t\t\t\t<\/div>\n\t\t\t\t\t\t\t\t\t<div class=\"column trc \" >\n\t\t\t\t\t\t\t\t\t\t\t\t\t\t\t\t\t\t\t\t<h5 class=\"title\" style=\"color:#0db14b\";>\n\t\t\t\t\t\t\t\t\tProtection naturelle\t\t\t\t\t\t\t\t<\/h5>\n\t\t\t\t\t\t\t\t\t\t\t\t\t\t\t\t\t\t\t\t\t\t\t\t\t<div class=\"content\">\n\t\t\t\t\t\t\t\t<ul>\n<li>Quel que soit le mat\u00e9riel que vous voulez garder original, avec BionicCoat de BionicProtect vous r\u00e9ussirez pleinement et de mani\u00e8re responsable. BionicCoat est d\u00e9velopp\u00e9 sur la base de la nanotechnologie. L&rsquo;ingr\u00e9dient de base est l&rsquo;oxyde de silicium Si02 (nano sable). Il n&rsquo;y a pas plus durable. Gr\u00e2ce \u00e0 la plus petite cha\u00eene mol\u00e9culaire, il est \u00e9galement applicable de mani\u00e8re large et optimale.<\/li>\n<\/ul>\n\t\t\t\t\t\t\t<\/div>\n\t\t\t\t\t\t\t\t\t\t\t\t\t\t\t\t\t<\/div>\n\t\t\t\t\t\t\t<\/div>\n\t\t<\/div>\n\t<\/div>\n<\/section>\n\n\n\n        <div class=\"default-content wp-block-wrapper block-separator-wrapper\">\n<hr class=\"wp-block-separator is-style-wide\"\/>\n<\/div>\n\n<section  class=\"background-cta-text-section\"\n\t\t\t\t style=\"background-image: url(https:\/\/bionicprotect.nl\/wp-content\/uploads\/bg7.jpg);\">\n\t<div class=\"background-cta-text-section__container\">\n\t\t<div class=\"background-cta-text-section__row\">\n\t\t\t<div class=\"background-cta-text-section__block\">\n\t\t\t\t<div class=\"left-side\">\n\t\t\t\t\t\t\t\t\t\t\t<h3 class=\"section-title\">D\u00e9velopp\u00e9 aux Pays-Bas<\/h3>\n\t\t\t\t\t\t\t\t\t\t<div class=\"block-content\">\n\t\t\t\t\t\t<p>Des technologues, des techniciens de laboratoire et des sp\u00e9cialistes de produits enthousiastes et intelligents ont \u00e9t\u00e9 r\u00e9unis pour d\u00e9velopper la gamme exceptionnelle de rev\u00eatements et de nettoyants durables de BionicProtect. Ces rev\u00eatements et nettoyants sont uniques en leur genre. Ils sont durables, puissants et \u00e9conomiques \u00e0 l&rsquo;usage, tr\u00e8s faciles \u00e0 appliquer, ont une longue dur\u00e9e d&rsquo;action et sont \u00e9galement tr\u00e8s abordables. Faites un grand pas vers un avenir durable, et promettez de ne plus jamais utiliser de rev\u00eatements polluants et de nettoyants chimiques.<\/p>\n\t\t\t\t\t<\/div>\n\t\t\t\t\t\t\t\t\t\t\t<a class=\"block-button\" href=\"https:\/\/bionicprotect.nl\/fr\/bioniccoat\/\" title=\"BionicCoat\"\n\t\t\t\t\t\t\t target=\"\">\n\t\t\t\t\t\t\tBionicCoat\t\t\t\t\t\t\t<i class=\"fa fa-angle-right\"><\/i><\/span>\n\t\t\t\t\t\t<\/a>\n\t\t\t\t\t\t\t\t\t<\/div>\n\t\t\t\t<div class=\"right-side\">\n\t\t\t\t\t<div class=\"top-block\">\n\t\t\t\t\t\t\t\t\t\t\t\t\t<h3 class=\"block-title\">Voulez-vous un distributeur \/<br \/>\r\ndevenir revendeur?<\/h3>\n\t\t\t\t\t\t\t\t\t\t\t\t\t\t\t\t\t\t\t<a class=\"block-button\" href=\"https:\/\/bionicprotect.nl\/fr\/voulez-vous-un-distributeur-devenir-revendeur\/\" title=\"Plus d'information\"\n\t\t\t\t\t\t\t\t target=\"\">\n\t\t\t\t\t\t\t\tPlus d&rsquo;information\t\t\t\t\t\t\t\t<i class=\"fa fa-angle-right\"><\/i><\/span>\n\t\t\t\t\t\t\t<\/a>\n\t\t\t\t\t\t\t\t\t\t\t<\/div>\n\t\t\t\t\t<div class=\"bottom-block\">\n\t\t\t\t\t\t\t\t\t\t\t\t\t<h3 class=\"block-title\">Souhaitez-vous une<br \/>\r\nd\u00e9monstration de BionicCoat?<\/h3>\n\t\t\t\t\t\t\t\t\t\t\t\t\t\t\t\t\t\t\t<a class=\"block-button\" href=\"https:\/\/bionicprotect.nl\/fr\/bionicprotect-demonstration\/\" title=\"Demonstration\"\n\t\t\t\t\t\t\t\t target=\"\">\n\t\t\t\t\t\t\t\tDemonstration\t\t\t\t\t\t\t\t<i class=\"fa fa-angle-right\"><\/i><\/span>\n\t\t\t\t\t\t\t<\/a>\n\t\t\t\t\t\t\t\t\t\t\t<\/div>\n\t\t\t\t<\/div>\n\t\t\t<\/div>\n\t\t<\/div>\n\t<\/div>\n<\/section>\n\n\n<section  class=\"two-col-content-section\">\n    <div class=\"two-col-content-section__container\">\n        <div class=\"two-col-content-section__row\">\n            <div class=\"two-col-content-section__block\">\n                <div class=\"content-left\">\n                    <div class=\"content\" style=\"color: #000000\"><p><img loading=\"lazy\" decoding=\"async\" class=\"alignnone size-full wp-image-7112\" src=\"https:\/\/bionicprotect.nl\/wp-content\/uploads\/About-Sustainable-en.jpg\" alt=\"\" width=\"316\" height=\"200\" \/><\/p>\n<h3 style=\"color: #0db14b;\">BionicCoat pr\u00e9serve et rend les<br \/>\nmat\u00e9rieux faciles \u00e0 nettoyer<\/h3>\n<ul>\n<li>Gr\u00e2ce \u00e0 la nanotechnologie, le BionicCoat p\u00e9n\u00e8tre profond\u00e9ment dans le support<\/li>\n<li>Une composition unique pour tout mat\u00e9riel<\/li>\n<li>Les couches BionicProtect\u00ae sont fabriqu\u00e9es sur base de mati\u00e8res premi\u00e8res \u00e9cologiques<\/li>\n<li>Garantie de fonctionnement non d\u00e9gradable de 10 ans minimum<\/li>\n<li>Tr\u00e8s facile \u00e0 appliquer. Au pinceau, au rouleau, \u00e0 l&rsquo;\u00e9ponge et au pulv\u00e9risateur<\/li>\n<\/ul>\n<\/div>\n                <\/div>\n                <div class=\"content-right\">\n                    <div class=\"content\" style=\"color: #000\"><p><img loading=\"lazy\" decoding=\"async\" class=\"alignnone size-full wp-image-7121\" src=\"https:\/\/bionicprotect.nl\/wp-content\/uploads\/About-Clean-en.jpg\" alt=\"\" width=\"316\" height=\"200\" \/><\/p>\n<h3>Nettoyeurs BionicClean<br \/>\npour Surfaces 100% propres<\/h3>\n<ul>\n<li>Nettoyant puissant, \u00e9galement pour les surfaces difficiles \u00e0 acc\u00e8der (comme les fa\u00e7ades)<\/li>\n<li>Durable et parfait pour \u00eatre utilis\u00e9 en combinaison avec BionicCoat.<\/li>\n<li>Hautement concentr\u00e9, non parfum\u00e9, \u00e9conomique \u00e0 l&rsquo;usage.<\/li>\n<li>\u00c9limine les contaminants tels que la poussi\u00e8re, la boue, les graisses et les prot\u00e9ines animales et v\u00e9g\u00e9tales.<\/li>\n<li>Adapt\u00e9 \u00e0 presque toutes les surfaces, y compris le verre et le plastique.<\/li>\n<\/ul>\n<\/div>\n                <\/div>\n            <\/div>\n        <\/div>\n    <\/div>\n<\/section>\n\n\n\n        <div class=\"default-content wp-block-wrapper block-spacer-wrapper\">\n<div style=\"height:20px\" aria-hidden=\"true\" class=\"wp-block-spacer\"><\/div>\n<\/div>\n\n\n        <div class=\"default-content wp-block-wrapper block-separator-wrapper\">\n<hr class=\"wp-block-separator is-style-wide\"\/>\n<\/div>\n\n\n        <div class=\"default-content wp-block-wrapper block-spacer-wrapper\">\n<div style=\"height:70px\" aria-hidden=\"true\" class=\"wp-block-spacer\"><\/div>\n<\/div>","protected":false},"excerpt":{"rendered":"","protected":false},"author":4,"featured_media":0,"parent":0,"menu_order":0,"comment_status":"closed","ping_status":"closed","template":"","meta":{"_acf_changed":false,"inline_featured_image":false,"footnotes":""},"class_list":["post-8749","page","type-page","status-publish","hentry"],"acf":[],"yoast_head":"<!-- This site is optimized with the Yoast SEO plugin v27.3 - https:\/\/yoast.com\/product\/yoast-seo-wordpress\/ -->\n<title>A propos de nous - BionicProtect<\/title>\n<meta name=\"robots\" content=\"index, follow, max-snippet:-1, max-image-preview:large, max-video-preview:-1\" \/>\n<link rel=\"canonical\" href=\"https:\/\/bionicprotect.nl\/fr\/a-propos-de-nous\/\" \/>\n<meta property=\"og:locale\" content=\"fr_FR\" \/>\n<meta property=\"og:type\" content=\"article\" \/>\n<meta property=\"og:title\" content=\"A propos de nous - BionicProtect\" \/>\n<meta property=\"og:url\" content=\"https:\/\/bionicprotect.nl\/fr\/a-propos-de-nous\/\" \/>\n<meta property=\"og:site_name\" content=\"BionicProtect\" \/>\n<meta property=\"article:modified_time\" content=\"2021-07-24T08:00:43+00:00\" \/>\n<meta name=\"twitter:card\" content=\"summary_large_image\" \/>\n<script type=\"application\/ld+json\" class=\"yoast-schema-graph\">{\"@context\":\"https:\\\/\\\/schema.org\",\"@graph\":[{\"@type\":\"WebPage\",\"@id\":\"https:\\\/\\\/bionicprotect.nl\\\/fr\\\/a-propos-de-nous\\\/\",\"url\":\"https:\\\/\\\/bionicprotect.nl\\\/fr\\\/a-propos-de-nous\\\/\",\"name\":\"A propos de nous - BionicProtect\",\"isPartOf\":{\"@id\":\"https:\\\/\\\/bionicprotect.nl\\\/#website\"},\"datePublished\":\"2021-07-14T18:41:17+00:00\",\"dateModified\":\"2021-07-24T08:00:43+00:00\",\"breadcrumb\":{\"@id\":\"https:\\\/\\\/bionicprotect.nl\\\/fr\\\/a-propos-de-nous\\\/#breadcrumb\"},\"inLanguage\":\"fr-FR\",\"potentialAction\":[{\"@type\":\"ReadAction\",\"target\":[\"https:\\\/\\\/bionicprotect.nl\\\/fr\\\/a-propos-de-nous\\\/\"]}]},{\"@type\":\"BreadcrumbList\",\"@id\":\"https:\\\/\\\/bionicprotect.nl\\\/fr\\\/a-propos-de-nous\\\/#breadcrumb\",\"itemListElement\":[{\"@type\":\"ListItem\",\"position\":1,\"name\":\"Home\",\"item\":\"https:\\\/\\\/bionicprotect.nl\\\/fr\\\/\"},{\"@type\":\"ListItem\",\"position\":2,\"name\":\"A propos de nous\"}]},{\"@type\":\"WebSite\",\"@id\":\"https:\\\/\\\/bionicprotect.nl\\\/#website\",\"url\":\"https:\\\/\\\/bionicprotect.nl\\\/\",\"name\":\"BionicProtect\",\"description\":\"En nog een WordPress site\",\"potentialAction\":[{\"@type\":\"SearchAction\",\"target\":{\"@type\":\"EntryPoint\",\"urlTemplate\":\"https:\\\/\\\/bionicprotect.nl\\\/?s={search_term_string}\"},\"query-input\":{\"@type\":\"PropertyValueSpecification\",\"valueRequired\":true,\"valueName\":\"search_term_string\"}}],\"inLanguage\":\"fr-FR\"}]}<\/script>\n<!-- \/ Yoast SEO plugin. -->","yoast_head_json":{"title":"A propos de nous - BionicProtect","robots":{"index":"index","follow":"follow","max-snippet":"max-snippet:-1","max-image-preview":"max-image-preview:large","max-video-preview":"max-video-preview:-1"},"canonical":"https:\/\/bionicprotect.nl\/fr\/a-propos-de-nous\/","og_locale":"fr_FR","og_type":"article","og_title":"A propos de nous - BionicProtect","og_url":"https:\/\/bionicprotect.nl\/fr\/a-propos-de-nous\/","og_site_name":"BionicProtect","article_modified_time":"2021-07-24T08:00:43+00:00","twitter_card":"summary_large_image","schema":{"@context":"https:\/\/schema.org","@graph":[{"@type":"WebPage","@id":"https:\/\/bionicprotect.nl\/fr\/a-propos-de-nous\/","url":"https:\/\/bionicprotect.nl\/fr\/a-propos-de-nous\/","name":"A propos de nous - BionicProtect","isPartOf":{"@id":"https:\/\/bionicprotect.nl\/#website"},"datePublished":"2021-07-14T18:41:17+00:00","dateModified":"2021-07-24T08:00:43+00:00","breadcrumb":{"@id":"https:\/\/bionicprotect.nl\/fr\/a-propos-de-nous\/#breadcrumb"},"inLanguage":"fr-FR","potentialAction":[{"@type":"ReadAction","target":["https:\/\/bionicprotect.nl\/fr\/a-propos-de-nous\/"]}]},{"@type":"BreadcrumbList","@id":"https:\/\/bionicprotect.nl\/fr\/a-propos-de-nous\/#breadcrumb","itemListElement":[{"@type":"ListItem","position":1,"name":"Home","item":"https:\/\/bionicprotect.nl\/fr\/"},{"@type":"ListItem","position":2,"name":"A propos de nous"}]},{"@type":"WebSite","@id":"https:\/\/bionicprotect.nl\/#website","url":"https:\/\/bionicprotect.nl\/","name":"BionicProtect","description":"En nog een WordPress site","potentialAction":[{"@type":"SearchAction","target":{"@type":"EntryPoint","urlTemplate":"https:\/\/bionicprotect.nl\/?s={search_term_string}"},"query-input":{"@type":"PropertyValueSpecification","valueRequired":true,"valueName":"search_term_string"}}],"inLanguage":"fr-FR"}]}},"_links":{"self":[{"href":"https:\/\/bionicprotect.nl\/fr\/wp-json\/wp\/v2\/pages\/8749","targetHints":{"allow":["GET"]}}],"collection":[{"href":"https:\/\/bionicprotect.nl\/fr\/wp-json\/wp\/v2\/pages"}],"about":[{"href":"https:\/\/bionicprotect.nl\/fr\/wp-json\/wp\/v2\/types\/page"}],"author":[{"embeddable":true,"href":"https:\/\/bionicprotect.nl\/fr\/wp-json\/wp\/v2\/users\/4"}],"replies":[{"embeddable":true,"href":"https:\/\/bionicprotect.nl\/fr\/wp-json\/wp\/v2\/comments?post=8749"}],"version-history":[{"count":0,"href":"https:\/\/bionicprotect.nl\/fr\/wp-json\/wp\/v2\/pages\/8749\/revisions"}],"wp:attachment":[{"href":"https:\/\/bionicprotect.nl\/fr\/wp-json\/wp\/v2\/media?parent=8749"}],"curies":[{"name":"wp","href":"https:\/\/api.w.org\/{rel}","templated":true}]}}