{"id":8708,"date":"2021-07-14T14:37:41","date_gmt":"2021-07-14T14:37:41","guid":{"rendered":"https:\/\/bionicprotect.nl\/?page_id=8708"},"modified":"2021-07-23T14:29:42","modified_gmt":"2021-07-23T14:29:42","slug":"bionicclean","status":"publish","type":"page","link":"https:\/\/bionicprotect.nl\/fr\/bionicclean\/","title":{"rendered":"BionicClean"},"content":{"rendered":"<section class=\"hero-section\" style=\"background-image: url(https:\/\/bionicprotect.nl\/wp-content\/uploads\/bg4.jpg);\">\n\t<div class=\"mask\"><\/div>\n\t<div class=\"hero-section__container\">\n\t\t<div class=\"hero-section__row\">\n\t\t\t<div class=\"hero-section__block\">\n\t\t\t\t\t\t\t\t\t<img decoding=\"async\" class=\"icon\" src=\"https:\/\/bionicprotect.nl\/wp-content\/uploads\/BP_Vignet_Sustainable_Cleaners-2.svg\" alt=\"BP_Vignet_Sustainable_Cleaners\">\n\t\t\t\t\t\t\t\t\t\t\t\t\t<div class=\"icon-inner icon-inner--non-displayed\">\n\t\t\t\t\t\t\t\t\t\t\t\t\t<img decoding=\"async\" class=\"icon def\" src=\"https:\/\/bionicprotect.nl\/wp-content\/uploads\/BP_Vignet.svg\" alt=\"BP_Vignet\">\n\t\t\t\t\t\t\t\t\t\t\t<\/div>\n\t\t\t\t\n\t\t\t<\/div>\n\t\t<\/div>\n\t<\/div>\n<\/section>\n\n\n\n        <div class=\"default-content wp-block-wrapper block-spacer-wrapper\">\n<div style=\"height:60px\" aria-hidden=\"true\" class=\"wp-block-spacer\"><\/div>\n<\/div>\n\n\n        <div class=\"default-content wp-block-wrapper block-heading-wrapper\">\n<h1 class=\"has-text-color wp-block-heading\" style=\"color:#0db14b;font-size:26px\">BionicClean pour un nettoyage durable<\/h1>\n<\/div>\n\n<section  class=\"content-columns-section\">\n\t<div class=\"content-columns-section__container\">\n\t\t<div class=\"content-columns-section__row\">\n\t\t\t<div class=\"content-columns-section__block\">\n\t\t\t\t\t\t\t\t\t<div class=\"column  flexible\" style=\"width: 20%\";>\n\t\t\t\t\t\t\t\t\t\t\t\t\t\t\t\t\t\t\t<h6 class=\"title\" >\n\t\t\t\t\t\t\t\tBionicClean Nettoyant en mousse\t\t\t\t\t\t\t<\/h6>\n\t\t\t\t\t\t\t\t\t\t\t\t\t\t\t\t\t\t\t\t\t\t\t\t\t<div class=\"content\">\n\t\t\t\t\t\t\t\t<ul>\n<li>Agent de nettoyage parfait pour les surfaces horizontales et verticales.<\/li>\n<li>Id\u00e9al pour une utilisation dans les zones difficiles \u00e0 atteindre<\/li>\n<li>Fournit plus de puissance de nettoyage parce que l&rsquo;agent reste attach\u00e9 \u00e0 l&rsquo;endroit pr\u00e9vu.<\/li>\n<li>Apr\u00e8s l&rsquo;application, un r\u00e9sultat propre et sans traces<\/li>\n<\/ul>\n\t\t\t\t\t\t\t<\/div>\n\t\t\t\t\t\t\t\t\t\t\t\t\t\t\t\t\t\t\t<a class=\"block-button\" href=\"https:\/\/bionicprotect.nl\/fr\/bionicclean\/nettoyant-a-mousse-bionicclean\/\" title=\"Voir le produit\"\n\t\t\t\t\t\t\t\t target=\"\">\n\t\t\t\t\t\t\t\tVoir le produit\t\t\t\t\t\t\t\t<i class=\"fa fa-angle-right\"><\/i>\n\t\t\t\t\t\t\t<\/a>\n\t\t\t\t\t\t\t\t\t\t\t<\/div>\n\t\t\t\t\t\t\t\t\t<div class=\"column  flexible\" style=\"width: 20%\";>\n\t\t\t\t\t\t\t\t\t\t\t\t\t\t\t\t\t\t\t<h6 class=\"title\" >\n\t\t\t\t\t\t\t\tBionicClean Ultra Cleaner\t\t\t\t\t\t\t<\/h6>\n\t\t\t\t\t\t\t\t\t\t\t\t\t\t\t\t\t\t\t\t\t\t\t\t\t<div class=\"content\">\n\t\t\t\t\t\t\t\t<ul>\n<li>Puissant et naturel.<\/li>\n<li>Nettoyant \u00e0 l&rsquo;odeur fra\u00eeche.<\/li>\n<li>Pour un usage int\u00e9rieur et ext\u00e9rieur.<\/li>\n<li>La solution pour les environnements de vie et de travail.<\/li>\n<\/ul>\n\t\t\t\t\t\t\t<\/div>\n\t\t\t\t\t\t\t\t\t\t\t\t\t\t\t\t\t\t\t<a class=\"block-button\" href=\"https:\/\/bionicprotect.nl\/fr\/bionicclean\/ultra-cleaner\/\" title=\"Voir le produit\"\n\t\t\t\t\t\t\t\t target=\"\">\n\t\t\t\t\t\t\t\tVoir le produit\t\t\t\t\t\t\t\t<i class=\"fa fa-angle-right\"><\/i>\n\t\t\t\t\t\t\t<\/a>\n\t\t\t\t\t\t\t\t\t\t\t<\/div>\n\t\t\t\t\t\t\t\t\t<div class=\"column  flexible\" style=\"width: 20%\";>\n\t\t\t\t\t\t\t\t\t\t\t\t\t\t\t\t\t\t\t<h6 class=\"title\" >\n\t\t\t\t\t\t\t\tBionicClean Nettoyant aux enzymes\t\t\t\t\t\t\t<\/h6>\n\t\t\t\t\t\t\t\t\t\t\t\t\t\t\t\t\t\t\t\t\t\t\t\t\t<div class=\"content\">\n\t\t\t\t\t\t\t\t<ul>\n<li>Puissant et naturel.<\/li>\n<li>Tr\u00e8s \u00e9conomique \u00e0 utiliser en raison de son action sur plusieurs jours.<\/li>\n<li>Brise m\u00eame les virus.<\/li>\n<li>Polyvalent, une solution pour tous les contaminants organiques.<\/li>\n<\/ul>\n\t\t\t\t\t\t\t<\/div>\n\t\t\t\t\t\t\t\t\t\t\t\t\t\t\t\t\t\t\t<a class=\"block-button\" href=\"https:\/\/bionicprotect.nl\/fr\/bionicclean\/nettoyant-aux-enzymes\/\" title=\"Voir le produit\"\n\t\t\t\t\t\t\t\t target=\"\">\n\t\t\t\t\t\t\t\tVoir le produit\t\t\t\t\t\t\t\t<i class=\"fa fa-angle-right\"><\/i>\n\t\t\t\t\t\t\t<\/a>\n\t\t\t\t\t\t\t\t\t\t\t<\/div>\n\t\t\t\t\t\t\t\t\t<div class=\"column  flexible\" style=\"width: 20%\";>\n\t\t\t\t\t\t\t\t\t\t\t\t\t\t\t\t\t\t\t<h6 class=\"title\" >\n\t\t\t\t\t\t\t\tBionicClean Nettoyant pour Chaux\t\t\t\t\t\t\t<\/h6>\n\t\t\t\t\t\t\t\t\t\t\t\t\t\t\t\t\t\t\t\t\t\t\t\t\t<div class=\"content\">\n\t\t\t\t\t\t\t\t<ul>\n<li>Nettoyant sp\u00e9cial actif pour le calcaire, les boues de ciment et la rouille Permet d&rsquo;obtenir une surface hygi\u00e9nique et propre rapidement et facilement.<\/li>\n<li>Tr\u00e8s \u00e9conomique : m\u00e9langez le produit avec de l&rsquo;eau selon l&rsquo;\u00e9tiquette.<\/li>\n<li>\u00c9conomique \u00e0 l&rsquo;usage : environ 10 \u00e0 30 m2 par litre.<\/li>\n<\/ul>\n\t\t\t\t\t\t\t<\/div>\n\t\t\t\t\t\t\t\t\t\t\t\t\t\t\t\t\t\t\t<a class=\"block-button\" href=\"https:\/\/bionicprotect.nl\/fr\/bionicclean\/detartrant\/\" title=\"Voir le produit\"\n\t\t\t\t\t\t\t\t target=\"\">\n\t\t\t\t\t\t\t\tVoir le produit\t\t\t\t\t\t\t\t<i class=\"fa fa-angle-right\"><\/i>\n\t\t\t\t\t\t\t<\/a>\n\t\t\t\t\t\t\t\t\t\t\t<\/div>\n\t\t\t\t\t\t\t\t\t<div class=\"column  flexible\" style=\"width: 20%\";>\n\t\t\t\t\t\t\t\t\t\t\t\t\t\t\t\t\t\t\t<h6 class=\"title\" >\n\t\t\t\t\t\t\t\tBionicClean D\u00e9capant pour graffitis\t\t\t\t\t\t\t<\/h6>\n\t\t\t\t\t\t\t\t\t\t\t\t\t\t\t\t\t\t\t\t\t\t\t\t\t<div class=\"content\">\n\t\t\t\t\t\t\t\t<ul>\n<li>Enl\u00e8ve le vernis ind\u00e9sirable de pratiquement toutes les surfaces.<\/li>\n<li>Enl\u00e8ve la peinture en a\u00e9rosol, les \u00e9claboussures de peinture et la contamination par les feutres.<\/li>\n<li>Vaporiser, frotter&#8230; et le graffiti dispara\u00eet.<\/li>\n<li>Biod\u00e9gradable.<\/li>\n<\/ul>\n\t\t\t\t\t\t\t<\/div>\n\t\t\t\t\t\t\t\t\t\t\t\t\t\t\t\t\t\t\t<a class=\"block-button\" href=\"https:\/\/bionicprotect.nl\/fr\/bionicclean\/decapant-pour-graffitis\/\" title=\"Voir le produit\"\n\t\t\t\t\t\t\t\t target=\"\">\n\t\t\t\t\t\t\t\tVoir le produit\t\t\t\t\t\t\t\t<i class=\"fa fa-angle-right\"><\/i>\n\t\t\t\t\t\t\t<\/a>\n\t\t\t\t\t\t\t\t\t\t\t<\/div>\n\t\t\t\t\t\t\t<\/div>\n\t\t<\/div>\n\t<\/div>\n<\/section>\n\n\n\n        <div class=\"default-content wp-block-wrapper block-spacer-wrapper\">\n<div style=\"height:10px\" aria-hidden=\"true\" class=\"wp-block-spacer\"><\/div>\n<\/div>\n\n\n        <div class=\"default-content wp-block-wrapper block-separator-wrapper\">\n<hr class=\"wp-block-separator is-style-wide\"\/>\n<\/div>\n\n<section  class=\"simple-image-section\">\n    <div class=\"simple-image-section__container\">\n        <div class=\"simple-image-section__row\">\n            <div class=\"simple-image-section__block\">\n\t\t\t\t\t\t\t\t\t\t\t\t\t\t\t<img decoding=\"async\" class=\"image-desktop\" src=\"https:\/\/bionicprotect.nl\/wp-content\/uploads\/BionicClean-Products-en.jpg\" alt=\"BionicClean-Products-en\">\n\t\t\t\t\t\t\t\t\t\t\t\t\t\t\t\t\t\t\t\t\t\t<img decoding=\"async\" class=\"image-mobile\" src=\"https:\/\/bionicprotect.nl\/wp-content\/uploads\/BionicClean-Products-en-mobile.jpg\" alt=\"BionicClean-Products-en-mobile\">\n\t\t\t\t\t\t\t            <\/div>\n        <\/div>\n    <\/div>\n<\/section>\n\n\n<section  class=\"cta-fw-section\">\n\t\t<div class=\"cta-fw-section__container\">\n\t\t\t<div class=\"cta-fw-section__row\">\n\t\t\t\t<div class=\"cta-fw-section__block\">\n\t\t\t\t\t<div class=\"cta-block first\">\n\t\t\t\t\t\t\t\t\t\t\t\t\t<h3 class=\"block-title\">Vous voulez plus \r\nd&rsquo;informations sur nos produits?<\/h3>\n\t\t\t\t\t\t\t\t\t\t\t\t\t\t\t\t\t\t\t<a class=\"block-button\" href=\"https:\/\/bionicprotect.nl\/fr\/contact\/\"\n\t\t\t\t\t\t\t\t title=\"PLUS D\u2019INFORMATION\"\n\t\t\t\t\t\t\t\t target=\"\">\n\t\t\t\t\t\t\t\tPLUS D\u2019INFORMATION\t\t\t\t\t\t\t\t<i class=\"fa fa-angle-right\"><\/i><\/span>\n\t\t\t\t\t\t\t<\/a>\n\t\t\t\t\t\t\t\t\t\t\t<\/div>\n\t\t\t\t\t<div class=\"cta-block second\">\n\t\t\t\t\t\t\t\t\t\t\t\t\t<h3 class=\"block-title\">Voulez-vous un \r\ndistributeur \/ devenir revendeur?<\/h3>\n\t\t\t\t\t\t\t\t\t\t\t\t\t\t\t\t\t\t\t<a class=\"block-button\" href=\"https:\/\/bionicprotect.nl\/fr\/voulez-vous-un-distributeur-devenir-revendeur\/\"\n\t\t\t\t\t\t\t\t title=\"Distributeur\"\n\t\t\t\t\t\t\t\t target=\"\">\n\t\t\t\t\t\t\t\tDistributeur\t\t\t\t\t\t\t\t<i class=\"fa fa-angle-right\"><\/i><\/span>\n\t\t\t\t\t\t\t<\/a>\n\t\t\t\t\t\t\n\t\t\t\t\t<\/div>\n\t\t\t\t\t<div class=\"cta-block third\">\n\t\t\t\t\t\t\t\t\t\t\t\t\t<h3 class=\"block-title\">Souhaitez-vous une \r\nd\u00e9monstration de BionicCoat?<\/h3>\n\t\t\t\t\t\t\t\t\t\t\t\t\t\t\t\t\t\t\t<a class=\"block-button\" href=\"https:\/\/bionicprotect.nl\/fr\/bionicprotect-demonstration\/\"\n\t\t\t\t\t\t\t\t title=\"Manifestion\"\n\t\t\t\t\t\t\t\t target=\"\">\n\t\t\t\t\t\t\t\tManifestion\t\t\t\t\t\t\t\t<i class=\"fa fa-angle-right\"><\/i><\/span>\n\t\t\t\t\t\t\t<\/a>\n\t\t\t\t\t\t\t\t\t\t\t<\/div>\n\t\t\t\t<\/div>\n\t\t\t<\/div>\n\t\t<\/div>\n<\/section>\n\n\n<section  class=\"related-posts-section\">\n\t<div class=\"related-posts-section__container\">\n\t\t<div class=\"related-posts-section__row\">\n\t\t\t<div class=\"related-posts-section__block\">\n\t\t\t\t\t\t\t\t\t\t\t\t\t\t\t<div class=\"post\">\n\t\t\t\t\t\t\t<div class=\"left-side\">\n\t\t\t\t\t\t\t\t<h2 class=\"title\">Comment la mairie de Wijdemeren \u00e0 Loosdrecht garde son cachet.<\/h2>\n\t\t\t\t\t\t\t\t<p class=\"text\">Le b\u00e2timent en b\u00e9ton blanc clair \u00e9tait confront\u00e9 \u00e0 une forte pollution par les algues et \u00e0 des taches dues aux intemp\u00e9ries. Lisez ici comment la propri\u00e9t\u00e9 a retrouv\u00e9 son cachet. <\/p>\n\t\t\t\t\t\t\t\t\t\t\t\t\t\t\t\t<div class=\"buttons-inner\">\n\t\t\t\t\t\t\t\t\t<a class=\"cta-button post-link\" href=\"https:\/\/bionicprotect.nl\/fr\/projets\/comment-lhotel-de-ville-de-wijdemeren-a-loosdrecht-conserve-son-cachet\/\">Lire la suite<i\n\t\t\t\t\t\t\t\t\t\t\tclass='fa fa-angle-right'><\/i><\/a>\n\t\t\t\t\t\t\t\t\t\t\t\t\t\t\t\t\t\t\t<a class=\"cta-button arch-link\"\n\t\t\t\t\t\t\t\t\t\t\t href=\"https:\/\/bionicprotect.nl\/fr\/projets\/\">Plus de projets<i\n\t\t\t\t\t\t\t\t\t\t\t\tclass='fa fa-angle-right'><\/i><\/a>\n\t\t\t\t\t\t\t\t\t\t\t\t\t\t\t\t\t<\/div>\n\t\t\t\t\t\t\t<\/div>\n\t\t\t\t\t\t\t<div class=\"right-side\">\n\t\t\t\t\t\t\t\t<a href=\"https:\/\/bionicprotect.nl\/fr\/projets\/comment-lhotel-de-ville-de-wijdemeren-a-loosdrecht-conserve-son-cachet\/\">\n\t\t\t\t\t\t\t\t\t\t\t\t\t\t\t\t\t<img decoding=\"async\" src=\"https:\/\/bionicprotect.nl\/wp-content\/uploads\/Projecten-Wijdemeren-542x328.jpg\" alt=\"Comment la mairie de Wijdemeren \u00e0 Loosdrecht garde son cachet.\">\n\t\t\t\t\t\t\t\t\t\t\t\t\t\t\t\t\t\t\t\t\t\t\t\t\t<\/a>\n\t\t\t\t\t\t\t<\/div>\n\t\t\t\t\t\t<\/div>\n\t\t\t\t\t\t\t\t<\/div>\n\t\t<\/div>\n\t<\/div>\n<\/section>\n\n\n\n        <div class=\"default-content wp-block-wrapper block-spacer-wrapper\">\n<div style=\"height:25px\" aria-hidden=\"true\" class=\"wp-block-spacer\"><\/div>\n<\/div>\n\n\n        <div class=\"default-content wp-block-wrapper block-separator-wrapper\">\n<hr class=\"wp-block-separator is-style-wide\"\/>\n<\/div>\n\n<section  class=\"faq-section\">\n\t<div class=\"faq-section__container\">\n\t\t<div class=\"faq-section__row\">\n\t\t\t<div class=\"faq-section__block\">\n\t\t\t\t\t\t\t\t\t<h3 class=\"title\">Questions fr\u00e9quentes sur BionicClean<\/h3>\n\t\t\t\t\t\t\t\t<div class=\"faq\">\n\t\t\t\t\t<div class=\"left-side\">\n\t\t\t\t\t\t\t\t\t\t\t\t\t\t\t\t\t\t<div class=\"accordion\">\n\t\t\t\t\t\t\t\t<div class=\"item\">\n\t\t\t\t\t\t\t\t\t<p class=\"toggle\" href=\"javascript:void(0);\">Quand dois-je utiliser le nettoyant aux enzymes BionicClean?\t\t\t\t\t\t\t\t\t\t<i class=\"fa fa-angle-down show-ico\" aria-hidden=\"true\"><\/i>\n\t\t\t\t\t\t\t\t\t<\/p>\n\t\t\t\t\t\t\t\t\t<div class=\"inner\">\n\t\t\t\t\t\t\t\t\t\t<div class=\"content\"><!-- wp:paragraph -->\n<p>BionicClean Enzymes Cleaner est un fluide transparent, d\u00e9sinfectant et nettoyant \u00e0 base d&rsquo;enzymes. Une enzyme est une prot\u00e9ine, donc tout \u00e0 fait naturelle, qui acc\u00e9l\u00e8re une r\u00e9action. Il d\u00e9compose les bact\u00e9ries, les virus et tous les polluants organiques au niveau mol\u00e9culaire. Le nettoyant aux enzymes BionicClean reste m\u00eame actif pendant plusieurs jours. Il suffit d&rsquo;essuyer la surface avec (un chiffon d&rsquo;) eau chaude pour que les enzymes soient \u00e0 nouveau activ\u00e9es. Ce nettoyant biologique et respectueux de l&rsquo;environnement est largement applicable. Le nettoyant aux enzymes BionicClean est \u00e9galement excellent pour les surfaces pr\u00e9alablement trait\u00e9es avec BionicCoat.<\/p>\n<!-- \/wp:paragraph --><\/div>\n\t\t\t\t\t\t\t\t\t<\/div>\n\t\t\t\t\t\t\t\t<\/div>\n\t\t\t\t\t\t\t<\/div>\n\t\t\t\t\t\t\t\t\t\t\t\t\t<div class=\"accordion\">\n\t\t\t\t\t\t\t\t<div class=\"item\">\n\t\t\t\t\t\t\t\t\t<p class=\"toggle\" href=\"javascript:void(0);\">Quand dois-je utiliser le BionicClean Ultra Cleaner?\t\t\t\t\t\t\t\t\t\t<i class=\"fa fa-angle-down show-ico\" aria-hidden=\"true\"><\/i>\n\t\t\t\t\t\t\t\t\t<\/p>\n\t\t\t\t\t\t\t\t\t<div class=\"inner\">\n\t\t\t\t\t\t\t\t\t\t<div class=\"content\"><!-- wp:paragraph -->\n<p>BionicClean Ultra Cleaner est un nettoyant concentr\u00e9, neutre et \u00e0 l&rsquo;odeur fra\u00eeche, destin\u00e9 \u00e0 l&rsquo;entretien des surfaces telles que le plastique, le carrelage, les sols, les portes, le verre et l&rsquo;aluminium. Il nettoie puissamment la salet\u00e9 ordinaire. Ce nettoyant durable convient \u00e0 un usage int\u00e9rieur et ext\u00e9rieur. BionicClean Ultra Cleaner est \u00e9galement excellent pour les surfaces pr\u00e9c\u00e9demment trait\u00e9es avec BionicCoat.<\/p>\n<!-- \/wp:paragraph --><\/div>\n\t\t\t\t\t\t\t\t\t<\/div>\n\t\t\t\t\t\t\t\t<\/div>\n\t\t\t\t\t\t\t<\/div>\n\t\t\t\t\t\t\t\t\t\t\t\t\t<div class=\"accordion\">\n\t\t\t\t\t\t\t\t<div class=\"item\">\n\t\t\t\t\t\t\t\t\t<p class=\"toggle\" href=\"javascript:void(0);\">Quand dois-je utiliser le D\u00e9capant pour graffitis BionicClean?\t\t\t\t\t\t\t\t\t\t<i class=\"fa fa-angle-down show-ico\" aria-hidden=\"true\"><\/i>\n\t\t\t\t\t\t\t\t\t<\/p>\n\t\t\t\t\t\t\t\t\t<div class=\"inner\">\n\t\t\t\t\t\t\t\t\t\t<div class=\"content\"><!-- wp:paragraph -->\n<p>Rien n&rsquo;est plus ennuyeux que les graffitis sur votre propri\u00e9t\u00e9, qu&rsquo;ils soient faits \u00e0 la bombe, \u00e0 la peinture ordinaire ou au feutre. Jusqu&rsquo;\u00e0 pr\u00e9sent, son \u00e9limination a toujours caus\u00e9 de grands d\u00e9sagr\u00e9ments et des co\u00fbts \u00e9lev\u00e9s. Et lors du retrait, les contours des graffitis sont presque toujours rest\u00e9s visibles. Une remise en peinture compl\u00e8te \u00e9tait souvent la seule solution satisfaisante. Mais&#8230; Ce n&rsquo;est plus n\u00e9cessaire gr\u00e2ce \u00e0 BionicClean Graffiti Remover. En un rien de temps, les graffitis ont disparu : c&rsquo;est simple, rapide, efficace et \u00e9conomique.<\/p>\n<!-- \/wp:paragraph --><\/div>\n\t\t\t\t\t\t\t\t\t<\/div>\n\t\t\t\t\t\t\t\t<\/div>\n\t\t\t\t\t\t\t<\/div>\n\t\t\t\t\t\t\t\t\t\t\t\t\t<div class=\"accordion\">\n\t\t\t\t\t\t\t\t<div class=\"item\">\n\t\t\t\t\t\t\t\t\t<p class=\"toggle\" href=\"javascript:void(0);\">A qui s\u2019adresser pour des questions sur les produits BionicClean?\t\t\t\t\t\t\t\t\t\t<i class=\"fa fa-angle-down show-ico\" aria-hidden=\"true\"><\/i>\n\t\t\t\t\t\t\t\t\t<\/p>\n\t\t\t\t\t\t\t\t\t<div class=\"inner\">\n\t\t\t\t\t\t\t\t\t\t<div class=\"content\"><!-- wp:paragraph -->\n<p>Sur ce site internet, vous trouverez des r\u00e9ponses \u00e0 vos questions dans la mesure du possible. Par exemple, pour les produits BionicCoat, vous pouvez voir quel produit de nettoyage est recommand\u00e9 pour le pr\u00e9-nettoyage. Les produits BionicClean vous indiquent quel produit de nettoyage peut \u00eatre utilis\u00e9 pour quoi, quand et \u00e0 quelle fr\u00e9quence. Si vous \u00eates en activit\u00e9 et que vous souhaitez en savoir plus sur la disponibilit\u00e9 des produits, veuillez envoyer un courriel \u00e0 <a href=\"mailto:info@bionicprotect.nl\"><em>info@bionicprotect.nl<\/em><\/a><em>.<\/em><\/p>\n<!-- \/wp:paragraph --><\/div>\n\t\t\t\t\t\t\t\t\t<\/div>\n\t\t\t\t\t\t\t\t<\/div>\n\t\t\t\t\t\t\t<\/div>\n\t\t\t\t\t\t\t\t\t\t\t<\/div>\n\t\t\t\t\t<div class=\"right-side\">\n\t\t\t\t\t\t\t\t\t\t\t\t\t\t\t\t\t\t<div class=\"accordion\">\n\t\t\t\t\t\t\t\t<div class=\"item\">\n\t\t\t\t\t\t\t\t\t<p class=\"toggle\" href=\"javascript:void(0);\">Les nettoyants BionicClean sont-ils con\u00e7us pour un usage professionnel?\t\t\t\t\t\t\t\t\t\t<i class=\"fa fa-angle-down show-ico\" aria-hidden=\"true\"><\/i>\n\t\t\t\t\t\t\t\t\t<\/p>\n\t\t\t\t\t\t\t\t\t<div class=\"inner\">\n\t\t\t\t\t\t\t\t\t\t<div class=\"content\"><!-- wp:paragraph -->\n<p>Tous les nettoyants BionicClean sont con\u00e7us pour un usage professionnel. Ils sont compos\u00e9s d&rsquo;ingr\u00e9dients puissants qui nettoient les surfaces de mani\u00e8re optimale. Chaque mat\u00e9riau n\u00e9cessite un traitement particulier, c&rsquo;est pourquoi il existe diff\u00e9rents nettoyants. Ainsi, chaque projet de nettoyage aboutit \u00e0 un r\u00e9sultat exceptionnel. Prenons par exemple le nettoyeur Enzyme, qui permet d&rsquo;obtenir un r\u00e9sultat de nettoyage allant jusqu&rsquo;\u00e0 40 VCA (r\u00e9sultat Radboud UMC &rsquo;20). Un r\u00e9sultat bien inf\u00e9rieur aux normes requises pour les salles d&rsquo;op\u00e9ration (100 VCA).<\/p>\n<!-- \/wp:paragraph --><\/div>\n\t\t\t\t\t\t\t\t\t<\/div>\n\t\t\t\t\t\t\t\t<\/div>\n\t\t\t\t\t\t\t<\/div>\n\t\t\t\t\t\t\t\t\t\t\t\t\t<div class=\"accordion\">\n\t\t\t\t\t\t\t\t<div class=\"item\">\n\t\t\t\t\t\t\t\t\t<p class=\"toggle\" href=\"javascript:void(0);\">Quand dois-je utiliser le nettoyant en mousse BionicClean?\t\t\t\t\t\t\t\t\t\t<i class=\"fa fa-angle-down show-ico\" aria-hidden=\"true\"><\/i>\n\t\t\t\t\t\t\t\t\t<\/p>\n\t\t\t\t\t\t\t\t\t<div class=\"inner\">\n\t\t\t\t\t\t\t\t\t\t<div class=\"content\"><!-- wp:paragraph -->\n<p>BionicClean Foam Cleaner est un produit hautement concentr\u00e9, neutre et respectueux de l&rsquo;environnement, destin\u00e9 \u00e0 l&rsquo;entretien des surfaces dans les zones difficiles d&rsquo;acc\u00e8s telles que les fa\u00e7ades et les plafonds. La couche de mousse maintient le puissant agent nettoyant en place afin d&rsquo;obtenir une p\u00e9n\u00e9tration et une capacit\u00e9 de nettoyage suffisantes. Le produit de nettoyage convient \u00e0 un usage int\u00e9rieur et ext\u00e9rieur. BionicClean Foam Cleaner est \u00e9galement excellent pour les surfaces pr\u00e9alablement trait\u00e9es avec BionicCoat.<\/p>\n<!-- \/wp:paragraph --><\/div>\n\t\t\t\t\t\t\t\t\t<\/div>\n\t\t\t\t\t\t\t\t<\/div>\n\t\t\t\t\t\t\t<\/div>\n\t\t\t\t\t\t\t\t\t\t\t\t\t<div class=\"accordion\">\n\t\t\t\t\t\t\t\t<div class=\"item\">\n\t\t\t\t\t\t\t\t\t<p class=\"toggle\" href=\"javascript:void(0);\">Quand dois-je utiliser la solution de chaux BionicClean?\t\t\t\t\t\t\t\t\t\t<i class=\"fa fa-angle-down show-ico\" aria-hidden=\"true\"><\/i>\n\t\t\t\t\t\t\t\t\t<\/p>\n\t\t\t\t\t\t\t\t\t<div class=\"inner\">\n\t\t\t\t\t\t\t\t\t\t<div class=\"content\"><!-- wp:paragraph -->\n<p>BionicClean Lime Remover est un nettoyant professionnel sp\u00e9cial pour le calcaire et la rouille. Le calcaire et la rouille n\u00e9cessitent un traitement puissant, et c&rsquo;est exactement ce que fait BionicClean Lime Remover. Le nettoyant id\u00e9al pour les salles de bains, les murs de douche, les carreaux et les environnements de travail o\u00f9 le calcaire est pr\u00e9sent en raison de l&rsquo;utilisation d&rsquo;eau. La rouille\/corrosion peut se produire sur de nombreux objets m\u00e9talliques. BionicClean Lime Remover sait aussi quoi faire avec \u00e7a. BionicClean Lime Remover est \u00e9galement excellent pour les surfaces pr\u00e9c\u00e9demment trait\u00e9es avec BionicCoat.<\/p>\n<!-- \/wp:paragraph --><\/div>\n\t\t\t\t\t\t\t\t\t<\/div>\n\t\t\t\t\t\t\t\t<\/div>\n\t\t\t\t\t\t\t<\/div>\n\t\t\t\t\t\t\t\t\t\t\t\t\t<div class=\"accordion\">\n\t\t\t\t\t\t\t\t<div class=\"item\">\n\t\t\t\t\t\t\t\t\t<p class=\"toggle\" href=\"javascript:void(0);\">Quelle est la diff\u00e9rence entre le pr\u00e9-nettoyage et le post-nettoyage des mat\u00e9riaux rev\u00eatus?\t\t\t\t\t\t\t\t\t\t<i class=\"fa fa-angle-down show-ico\" aria-hidden=\"true\"><\/i>\n\t\t\t\t\t\t\t\t\t<\/p>\n\t\t\t\t\t\t\t\t\t<div class=\"inner\">\n\t\t\t\t\t\t\t\t\t\t<div class=\"content\"><!-- wp:paragraph -->\n<p>Le nettoyage peut \u00eatre divis\u00e9 en deux parties, avant et apr\u00e8s le nettoyage, lorsqu&rsquo;il s&rsquo;agit de mat\u00e9riaux rev\u00eatus. Si vous voulez appliquer BionicCoat sur un produit, le mat\u00e9riau doit \u00eatre aussi propre que possible pour permettre au rev\u00eatement de p\u00e9n\u00e9trer. Dans certains cas (voir BionicCoats sur ce site), il est recommand\u00e9 de nettoyer avec de l&rsquo;isopropanol (99,9%) ou le nettoyant en mousse BionicClean. Dans d&rsquo;autres cas, BionicClean Enzyme Cleaner est suffisant, \u00e9ventuellement pr\u00e9c\u00e9d\u00e9 de BionicClean Lime Solution en cas de calcaire et\/ou de rouille. Pour un entretien r\u00e9gulier, utilisez BionicClean Enzymes Cleaner, BionicClean Ultra Cleaner et\/ou BionicClean Lime Solution.<\/p>\n<!-- \/wp:paragraph --><\/div>\n\t\t\t\t\t\t\t\t\t<\/div>\n\t\t\t\t\t\t\t\t<\/div>\n\t\t\t\t\t\t\t<\/div>\n\t\t\t\t\t\t\t\t\t\t\t<\/div>\n\t\t\t\t<\/div>\n\t\t\t<\/div>\n\t\t<\/div>\n\t<\/div>\n<\/section>\n","protected":false},"excerpt":{"rendered":"<p>BionicClean pour un nettoyage durable<\/p>\n","protected":false},"author":4,"featured_media":0,"parent":0,"menu_order":0,"comment_status":"closed","ping_status":"closed","template":"","meta":{"_acf_changed":false,"inline_featured_image":false,"footnotes":""},"class_list":["post-8708","page","type-page","status-publish","hentry"],"acf":[],"yoast_head":"<!-- This site is optimized with the Yoast SEO plugin v27.3 - https:\/\/yoast.com\/product\/yoast-seo-wordpress\/ -->\n<title>BionicClean - BionicProtect<\/title>\n<meta name=\"robots\" content=\"index, follow, max-snippet:-1, max-image-preview:large, max-video-preview:-1\" \/>\n<link rel=\"canonical\" href=\"https:\/\/bionicprotect.nl\/fr\/bionicclean\/\" \/>\n<meta property=\"og:locale\" content=\"fr_FR\" \/>\n<meta property=\"og:type\" content=\"article\" \/>\n<meta property=\"og:title\" content=\"BionicClean - BionicProtect\" \/>\n<meta property=\"og:description\" content=\"BionicClean pour un nettoyage durable\" \/>\n<meta property=\"og:url\" content=\"https:\/\/bionicprotect.nl\/fr\/bionicclean\/\" \/>\n<meta property=\"og:site_name\" content=\"BionicProtect\" \/>\n<meta property=\"article:modified_time\" content=\"2021-07-23T14:29:42+00:00\" \/>\n<meta name=\"twitter:card\" content=\"summary_large_image\" \/>\n<meta name=\"twitter:label1\" content=\"Est. reading time\" \/>\n\t<meta name=\"twitter:data1\" content=\"1 minute\" \/>\n<script type=\"application\/ld+json\" class=\"yoast-schema-graph\">{\"@context\":\"https:\\\/\\\/schema.org\",\"@graph\":[{\"@type\":\"WebPage\",\"@id\":\"https:\\\/\\\/bionicprotect.nl\\\/fr\\\/bionicclean\\\/\",\"url\":\"https:\\\/\\\/bionicprotect.nl\\\/fr\\\/bionicclean\\\/\",\"name\":\"BionicClean - BionicProtect\",\"isPartOf\":{\"@id\":\"https:\\\/\\\/bionicprotect.nl\\\/#website\"},\"datePublished\":\"2021-07-14T14:37:41+00:00\",\"dateModified\":\"2021-07-23T14:29:42+00:00\",\"breadcrumb\":{\"@id\":\"https:\\\/\\\/bionicprotect.nl\\\/fr\\\/bionicclean\\\/#breadcrumb\"},\"inLanguage\":\"fr-FR\",\"potentialAction\":[{\"@type\":\"ReadAction\",\"target\":[\"https:\\\/\\\/bionicprotect.nl\\\/fr\\\/bionicclean\\\/\"]}]},{\"@type\":\"BreadcrumbList\",\"@id\":\"https:\\\/\\\/bionicprotect.nl\\\/fr\\\/bionicclean\\\/#breadcrumb\",\"itemListElement\":[{\"@type\":\"ListItem\",\"position\":1,\"name\":\"Home\",\"item\":\"https:\\\/\\\/bionicprotect.nl\\\/fr\\\/\"},{\"@type\":\"ListItem\",\"position\":2,\"name\":\"BionicClean\"}]},{\"@type\":\"WebSite\",\"@id\":\"https:\\\/\\\/bionicprotect.nl\\\/#website\",\"url\":\"https:\\\/\\\/bionicprotect.nl\\\/\",\"name\":\"BionicProtect\",\"description\":\"En nog een WordPress site\",\"potentialAction\":[{\"@type\":\"SearchAction\",\"target\":{\"@type\":\"EntryPoint\",\"urlTemplate\":\"https:\\\/\\\/bionicprotect.nl\\\/?s={search_term_string}\"},\"query-input\":{\"@type\":\"PropertyValueSpecification\",\"valueRequired\":true,\"valueName\":\"search_term_string\"}}],\"inLanguage\":\"fr-FR\"}]}<\/script>\n<!-- \/ Yoast SEO plugin. -->","yoast_head_json":{"title":"BionicClean - BionicProtect","robots":{"index":"index","follow":"follow","max-snippet":"max-snippet:-1","max-image-preview":"max-image-preview:large","max-video-preview":"max-video-preview:-1"},"canonical":"https:\/\/bionicprotect.nl\/fr\/bionicclean\/","og_locale":"fr_FR","og_type":"article","og_title":"BionicClean - BionicProtect","og_description":"BionicClean pour un nettoyage durable","og_url":"https:\/\/bionicprotect.nl\/fr\/bionicclean\/","og_site_name":"BionicProtect","article_modified_time":"2021-07-23T14:29:42+00:00","twitter_card":"summary_large_image","twitter_misc":{"Est. reading time":"1 minute"},"schema":{"@context":"https:\/\/schema.org","@graph":[{"@type":"WebPage","@id":"https:\/\/bionicprotect.nl\/fr\/bionicclean\/","url":"https:\/\/bionicprotect.nl\/fr\/bionicclean\/","name":"BionicClean - BionicProtect","isPartOf":{"@id":"https:\/\/bionicprotect.nl\/#website"},"datePublished":"2021-07-14T14:37:41+00:00","dateModified":"2021-07-23T14:29:42+00:00","breadcrumb":{"@id":"https:\/\/bionicprotect.nl\/fr\/bionicclean\/#breadcrumb"},"inLanguage":"fr-FR","potentialAction":[{"@type":"ReadAction","target":["https:\/\/bionicprotect.nl\/fr\/bionicclean\/"]}]},{"@type":"BreadcrumbList","@id":"https:\/\/bionicprotect.nl\/fr\/bionicclean\/#breadcrumb","itemListElement":[{"@type":"ListItem","position":1,"name":"Home","item":"https:\/\/bionicprotect.nl\/fr\/"},{"@type":"ListItem","position":2,"name":"BionicClean"}]},{"@type":"WebSite","@id":"https:\/\/bionicprotect.nl\/#website","url":"https:\/\/bionicprotect.nl\/","name":"BionicProtect","description":"En nog een WordPress site","potentialAction":[{"@type":"SearchAction","target":{"@type":"EntryPoint","urlTemplate":"https:\/\/bionicprotect.nl\/?s={search_term_string}"},"query-input":{"@type":"PropertyValueSpecification","valueRequired":true,"valueName":"search_term_string"}}],"inLanguage":"fr-FR"}]}},"_links":{"self":[{"href":"https:\/\/bionicprotect.nl\/fr\/wp-json\/wp\/v2\/pages\/8708","targetHints":{"allow":["GET"]}}],"collection":[{"href":"https:\/\/bionicprotect.nl\/fr\/wp-json\/wp\/v2\/pages"}],"about":[{"href":"https:\/\/bionicprotect.nl\/fr\/wp-json\/wp\/v2\/types\/page"}],"author":[{"embeddable":true,"href":"https:\/\/bionicprotect.nl\/fr\/wp-json\/wp\/v2\/users\/4"}],"replies":[{"embeddable":true,"href":"https:\/\/bionicprotect.nl\/fr\/wp-json\/wp\/v2\/comments?post=8708"}],"version-history":[{"count":0,"href":"https:\/\/bionicprotect.nl\/fr\/wp-json\/wp\/v2\/pages\/8708\/revisions"}],"wp:attachment":[{"href":"https:\/\/bionicprotect.nl\/fr\/wp-json\/wp\/v2\/media?parent=8708"}],"curies":[{"name":"wp","href":"https:\/\/api.w.org\/{rel}","templated":true}]}}