{"id":8661,"date":"2021-07-14T13:37:41","date_gmt":"2021-07-14T13:37:41","guid":{"rendered":"https:\/\/bionicprotect.nl\/?page_id=8661"},"modified":"2021-07-16T09:45:08","modified_gmt":"2021-07-16T09:45:08","slug":"bioniccoat-pour-lindustrie","status":"publish","type":"page","link":"https:\/\/bionicprotect.nl\/fr\/bioniccoat-pour-lindustrie\/","title":{"rendered":"BionicCoat pour l&rsquo;industrie"},"content":{"rendered":"<section class=\"hero-section\" style=\"background-image: url(https:\/\/bionicprotect.nl\/wp-content\/uploads\/Header-02.jpg);\">\n\t<div class=\"mask\"><\/div>\n\t<div class=\"hero-section__container\">\n\t\t<div class=\"hero-section__row\">\n\t\t\t<div class=\"hero-section__block\">\n\t\t\t\t\t\t\t\t\t<img decoding=\"async\" class=\"icon\" src=\"https:\/\/bionicprotect.nl\/wp-content\/uploads\/BP_Vignet_Sustainable_Coatings-2.svg\" alt=\"BP_Vignet_Sustainable_Coatings\">\n\t\t\t\t\t\t\t\t\t\t\t\t\t<div class=\"icon-inner icon-inner--non-displayed\">\n\t\t\t\t\t\t\t\t\t\t\t\t\t<img decoding=\"async\" class=\"icon def\" src=\"https:\/\/bionicprotect.nl\/wp-content\/uploads\/BP_Vignet.svg\" alt=\"BP_Vignet\">\n\t\t\t\t\t\t\t\t\t\t\t<\/div>\n\t\t\t\t\n\t\t\t<\/div>\n\t\t<\/div>\n\t<\/div>\n<\/section>\n\n\n\n        <div class=\"default-content wp-block-wrapper block-spacer-wrapper\">\n<div style=\"height:20px\" aria-hidden=\"true\" class=\"wp-block-spacer\"><\/div>\n<\/div>\n\n<section  class=\"image-and-content-section\">\n\t<div class=\"image-and-content-section__container\">\n\t\t<div class=\"image-and-content-section__row\">\n\t\t\t<div class=\"image-and-content-section__block\">\n\t\t\t\t<div class=\"left-side\">\n\t\t\t\t\t\t\t\t\t\t<img decoding=\"async\" class=\"section-image\" src=\"https:\/\/bionicprotect.nl\/wp-content\/uploads\/img.png\" alt=\"img\">\n\t\t\t\t\t\t\t\t\t<\/div>\n\t\t\t\t<div class=\"right-side\">\n\t\t\t\t\t\t\t\t\t\t<h2 class=\"section-title\">\n\t\t\t\t\t\tBionicCoat\t\t\t\t\t\t<span class=\"green\">pour l&rsquo;industrie<\/span>\n\t\t\t\t\t<\/h2>\n\t\t\t\t\t\t\t\t\t\t\t\t\t\t\t\t<div class=\"content\">\n\t\t\t\t\t\t\t<p>Dans l&rsquo;industrie en particulier, on s&rsquo;efforce de simplifier les processus de nettoyage et de maintenir les \u00e9quipements et les mat\u00e9riaux dans un \u00e9tat optimal. Il ne s&rsquo;agit pas seulement de pr\u00e9venir et de dissoudre la salet\u00e9, mais aussi de pr\u00e9venir les intemp\u00e9ries et la corrosion. Le processus industriel se caract\u00e9rise par le fait que, la plupart du temps, les composants sont r\u00e9unis et\/ou transform\u00e9s en un produit total. Des machines sont disponibles pour cela. Ceux-ci sont souvent pollu\u00e9s de mani\u00e8re continue et des substances restent coll\u00e9es pendant la production. Cela entra\u00eene l&rsquo;arr\u00eat du processus de production et la n\u00e9cessit\u00e9 d&rsquo;un nettoyage.  Cela prend du temps et co\u00fbte cher. Et&#8230; inutile.<\/p>\n\t\t\t\t\t\t<\/div>\n\t\t\t\t\t\n\t\t\t\t\t\t\t\t\t\t\t<h3 class=\"extra-title\">\n\t\t\t\t\t\t\tDes applications infinies avec BionicCoat\t\t\t\t\t\t<\/h3>\n\t\t\t\t\t\t\t\t\t\t\t\t\t\t\t\t<div class=\"content additional-info\">\n\t\t\t\t\t\t\t<p>BionicProtect a mis au point un rev\u00eatement pour l&rsquo;acier inoxydable et le m\u00e9tal, sp\u00e9cialement destin\u00e9 \u00e0 \u00eatre appliqu\u00e9 dans le secteur industriel. Lorsqu&rsquo;il est appliqu\u00e9, les co\u00fbts de nettoyage et d&rsquo;entretien peuvent \u00eatre consid\u00e9rablement r\u00e9duits, voire totalement \u00e9limin\u00e9s. Le rev\u00eatement pour application industrielle est particuli\u00e8rement adapt\u00e9 aux surfaces lisses et non absorbantes. Qu&rsquo;il s&rsquo;agisse d&rsquo;acier (inoxydable), d&rsquo;aluminium, de zinc, de cuivre ou de divers alliages (comme le laiton et le bronze) : avec BionicProtect, vous prot\u00e9gez le mat\u00e9riau et le rendez facile \u00e0 nettoyer. De l&rsquo;industrie alimentaire au producteur de syst\u00e8mes de traitement de l&rsquo;air et du boulanger industriel \u00e0 la raffinerie de p\u00e9trole : avec BionicProtect, des \u00e9conomies sans pr\u00e9c\u00e9dent sont r\u00e9alis\u00e9es.<\/p>\n\t\t\t\t\t\t<\/div>\n\t\t\t\t\t\t\t\t\t\t<div class=\"two-col-content\">\n\t\t\t\t\t\t<div class=\"left-part\">\n\t\t\t\t\t\t\t\t\t\t\t\t\t\t\t<div class=\"content\">\n\t\t\t\t\t\t\t\t\t<ul>\n<li>Gr\u00e2ce \u00e0 la nanotechnologie, la BionicCoat p\u00e9n\u00e8tre profond\u00e9ment dans le substrat.<\/li>\n<li>La solution parfaite et durable pour chaque m\u00e9tal<\/li>\n<\/ul>\n\t\t\t\t\t\t\t\t<\/div>\n\t\t\t\t\t\t\t\t\t\t\t\t\t<\/div>\n\t\t\t\t\t\t<div class=\"right-part\">\n\t\t\t\t\t\t\t\t\t\t\t\t\t\t\t<div class=\"content\">\n\t\t\t\t\t\t\t\t\t<ul>\n<li>Garantie minimale de 10 ans non d\u00e9gradable sur le fonctionnement avec une charge non m\u00e9canique sur la surface.<\/li>\n<li>Tr\u00e8s facile \u00e0 appliquer } Pinceau, rouleau, \u00e9ponge et pulv\u00e9risateur.<\/li>\n<\/ul>\n\t\t\t\t\t\t\t\t<\/div>\n\t\t\t\t\t\t\t\t\t\t\t\t\t<\/div>\n\t\t\t\t\t<\/div>\n\t\t\t\t<\/div>\n\t\t\t<\/div>\n\t\t<\/div>\n\t<\/div>\n<\/section>\n\n\n<section  class=\"cta-fw-section\">\n\t\t<div class=\"cta-fw-section__container\">\n\t\t\t<div class=\"cta-fw-section__row\">\n\t\t\t\t<div class=\"cta-fw-section__block\">\n\t\t\t\t\t<div class=\"cta-block first\">\n\t\t\t\t\t\t\t\t\t\t\t\t\t<h3 class=\"block-title\">Vous voulez plus \r\nd&rsquo;informations sur nos produits?<\/h3>\n\t\t\t\t\t\t\t\t\t\t\t\t\t\t\t\t\t\t\t<a class=\"block-button\" href=\"https:\/\/bionicprotect.nl\/contact\/\"\n\t\t\t\t\t\t\t\t title=\"Informatie\"\n\t\t\t\t\t\t\t\t target=\"\">\n\t\t\t\t\t\t\t\tInformatie\t\t\t\t\t\t\t\t<i class=\"fa fa-angle-right\"><\/i><\/span>\n\t\t\t\t\t\t\t<\/a>\n\t\t\t\t\t\t\t\t\t\t\t<\/div>\n\t\t\t\t\t<div class=\"cta-block second\">\n\t\t\t\t\t\t\t\t\t\t\t\t\t<h3 class=\"block-title\">Voulez-vous un distributeur \/\r\ndevenir revendeur?<\/h3>\n\t\t\t\t\t\t\t\t\t\t\t\t\t\t\t\t\t\t\t<a class=\"block-button\" href=\"https:\/\/bionicprotect.nl\/distributeur\/\"\n\t\t\t\t\t\t\t\t title=\"Distributeur\"\n\t\t\t\t\t\t\t\t target=\"\">\n\t\t\t\t\t\t\t\tDistributeur\t\t\t\t\t\t\t\t<i class=\"fa fa-angle-right\"><\/i><\/span>\n\t\t\t\t\t\t\t<\/a>\n\t\t\t\t\t\t\n\t\t\t\t\t<\/div>\n\t\t\t\t\t<div class=\"cta-block third\">\n\t\t\t\t\t\t\t\t\t\t\t\t\t<h3 class=\"block-title\">Souhaitez-vous une \r\nd\u00e9monstration de BionicCoat?<\/h3>\n\t\t\t\t\t\t\t\t\t\t\t\t\t\t\t\t\t\t\t<a class=\"block-button\" href=\"https:\/\/bionicprotect.nl\/demonstratie\/\"\n\t\t\t\t\t\t\t\t title=\"Testen\"\n\t\t\t\t\t\t\t\t target=\"\">\n\t\t\t\t\t\t\t\tTesten\t\t\t\t\t\t\t\t<i class=\"fa fa-angle-right\"><\/i><\/span>\n\t\t\t\t\t\t\t<\/a>\n\t\t\t\t\t\t\t\t\t\t\t<\/div>\n\t\t\t\t<\/div>\n\t\t\t<\/div>\n\t\t<\/div>\n<\/section>\n\n\n<section  class=\"related-posts-section\">\n\t<div class=\"related-posts-section__container\">\n\t\t<div class=\"related-posts-section__row\">\n\t\t\t<div class=\"related-posts-section__block\">\n\t\t\t\t\t\t\t\t\t\t\t\t\t\t\t<div class=\"post\">\n\t\t\t\t\t\t\t<div class=\"left-side\">\n\t\t\t\t\t\t\t\t<h2 class=\"title\">Comment la gare centrale de Rotterdam conserve son apparence<\/h2>\n\t\t\t\t\t\t\t\t<p class=\"text\">Comment la gare centrale de Rotterdam garde son apparence. La gare centrale de Rotterdam se compose de nombreux mat\u00e9riaux et pi\u00e8ces. Lisez ici comment ils peuvent conserver leur fonctionnalit\u00e9 et leur apparence.<\/p>\n\t\t\t\t\t\t\t\t\t\t\t\t\t\t\t\t<div class=\"buttons-inner\">\n\t\t\t\t\t\t\t\t\t<a class=\"cta-button post-link\" href=\"https:\/\/bionicprotect.nl\/fr\/projets\/comment-la-gare-centrale-de-rotterdam-conserve-son-apparence\/\">Lire la suite<i\n\t\t\t\t\t\t\t\t\t\t\tclass='fa fa-angle-right'><\/i><\/a>\n\t\t\t\t\t\t\t\t\t\t\t\t\t\t\t\t\t\t\t<a class=\"cta-button arch-link\"\n\t\t\t\t\t\t\t\t\t\t\t href=\"https:\/\/bionicprotect.nl\/fr\/projets\/\">Plus de projets<i\n\t\t\t\t\t\t\t\t\t\t\t\tclass='fa fa-angle-right'><\/i><\/a>\n\t\t\t\t\t\t\t\t\t\t\t\t\t\t\t\t\t<\/div>\n\t\t\t\t\t\t\t<\/div>\n\t\t\t\t\t\t\t<div class=\"right-side\">\n\t\t\t\t\t\t\t\t<a href=\"https:\/\/bionicprotect.nl\/fr\/projets\/comment-la-gare-centrale-de-rotterdam-conserve-son-apparence\/\">\n\t\t\t\t\t\t\t\t\t\t\t\t\t\t\t\t\t<img decoding=\"async\" src=\"https:\/\/bionicprotect.nl\/wp-content\/uploads\/190409-Studio-SK-Rotterdam-Blaak-4_kleiner-1-542x328.jpg\" alt=\"Comment la gare centrale de Rotterdam conserve son apparence\">\n\t\t\t\t\t\t\t\t\t\t\t\t\t\t\t\t\t\t\t\t\t\t\t\t\t<\/a>\n\t\t\t\t\t\t\t<\/div>\n\t\t\t\t\t\t<\/div>\n\t\t\t\t\t\t\t\t<\/div>\n\t\t<\/div>\n\t<\/div>\n<\/section>\n\n\n\n        <div class=\"default-content wp-block-wrapper block-spacer-wrapper\">\n<div style=\"height:30px\" aria-hidden=\"true\" class=\"wp-block-spacer\"><\/div>\n<\/div>\n\n\n        <div class=\"default-content wp-block-wrapper block-separator-wrapper\">\n<hr class=\"wp-block-separator is-style-wide\"\/>\n<\/div>\n\n<section  class=\"faq-section\">\n\t<div class=\"faq-section__container\">\n\t\t<div class=\"faq-section__row\">\n\t\t\t<div class=\"faq-section__block\">\n\t\t\t\t\t\t\t\t\t<h3 class=\"title\">Questions fr\u00e9quentes\u2028<\/h3>\n\t\t\t\t\t\t\t\t<div class=\"faq\">\n\t\t\t\t\t<div class=\"left-side\">\n\t\t\t\t\t\t\t\t\t\t\t\t\t\t\t\t\t\t<div class=\"accordion\">\n\t\t\t\t\t\t\t\t<div class=\"item\">\n\t\t\t\t\t\t\t\t\t<p class=\"toggle\" href=\"javascript:void(0);\">Quels sont les avantages du nanorev\u00eatement?\t\t\t\t\t\t\t\t\t\t<i class=\"fa fa-angle-down show-ico\" aria-hidden=\"true\"><\/i>\n\t\t\t\t\t\t\t\t\t<\/p>\n\t\t\t\t\t\t\t\t\t<div class=\"inner\">\n\t\t\t\t\t\t\t\t\t\t<div class=\"content\"><!-- wp:paragraph -->\n<p>Avec BionicCoat de BionicProtect, r\u00e9alis\u00e9 gr\u00e2ce \u00e0 la nanotechnologie, vous pouvez lutter contre l&rsquo;eau et la salet\u00e9 avec une efficacit\u00e9 et une durabilit\u00e9 sans pr\u00e9c\u00e9dent. Les rev\u00eatements ont \u00e9galement une dur\u00e9e de vie extr\u00eamement longue. En appliquant ces rev\u00eatements, vous contribuez explicitement \u00e0 rendre et \u00e0 conserver des objets\/produits\/mat\u00e9riaux originaux et \u00ab\u00a0faciles \u00e0 nettoyer\u00a0\u00bb. En les rendant durables, vous devez remplacer moins de mat\u00e9riaux et les ressources naturelles sont \u00e9pargn\u00e9es.<\/p>\n<!-- \/wp:paragraph --><\/div>\n\t\t\t\t\t\t\t\t\t<\/div>\n\t\t\t\t\t\t\t\t<\/div>\n\t\t\t\t\t\t\t<\/div>\n\t\t\t\t\t\t\t\t\t\t\t\t\t<div class=\"accordion\">\n\t\t\t\t\t\t\t\t<div class=\"item\">\n\t\t\t\t\t\t\t\t\t<p class=\"toggle\" href=\"javascript:void(0);\">La BionicCoat fait-elle plus que prot\u00e9ger?\t\t\t\t\t\t\t\t\t\t<i class=\"fa fa-angle-down show-ico\" aria-hidden=\"true\"><\/i>\n\t\t\t\t\t\t\t\t\t<\/p>\n\t\t\t\t\t\t\t\t\t<div class=\"inner\">\n\t\t\t\t\t\t\t\t\t\t<div class=\"content\"><!-- wp:paragraph -->\n<p>Gr\u00e2ce \u00e0 la nanotechnologie appliqu\u00e9e, le BionicCoat donnent des avantages suppl\u00e9mentaires dans plusieurs cas. Par exemple, le rev\u00eatement peut r\u00e9sister \u00e0 une temp\u00e9rature de 800 degr\u00e9s Celsius (et dans le cas du BionicCoat Metal Ultra, m\u00eame jusqu&rsquo;\u00e0 1 600 degr\u00e9s Celsius). Dans le cas des plastiques durs, la couche garantit que les plastifiants ne s&rsquo;\u00e9chappent pas, de sorte que le support ne devienne pas poreux et ne se fissure pas. Une fa\u00e7ade peut \u00eatre rendue anti-graffiti, gr\u00e2ce au rev\u00eatement. Et dans le cas du bois, il ralentit la d\u00e9coloration caus\u00e9e par les rayons UV. Dans le processus industriel, il emp\u00eache l&rsquo;adh\u00e9sion des composants \u00e0 traiter (ils ne collent donc plus \u00e0 la machine). Ces avantages et d&rsquo;autres encore rendent ce manteau encore plus sp\u00e9cial.<\/p>\n<!-- \/wp:paragraph --><\/div>\n\t\t\t\t\t\t\t\t\t<\/div>\n\t\t\t\t\t\t\t\t<\/div>\n\t\t\t\t\t\t\t<\/div>\n\t\t\t\t\t\t\t\t\t\t\t<\/div>\n\t\t\t\t\t<div class=\"right-side\">\n\t\t\t\t\t\t\t\t\t\t\t\t\t\t\t\t\t\t<div class=\"accordion\">\n\t\t\t\t\t\t\t\t<div class=\"item\">\n\t\t\t\t\t\t\t\t\t<p class=\"toggle\" href=\"javascript:void(0);\">Qu&rsquo;est-ce que la nanotechnologie et comment fonctionne-t-elle?\t\t\t\t\t\t\t\t\t\t<i class=\"fa fa-angle-down show-ico\" aria-hidden=\"true\"><\/i>\n\t\t\t\t\t\t\t\t\t<\/p>\n\t\t\t\t\t\t\t\t\t<div class=\"inner\">\n\t\t\t\t\t\t\t\t\t\t<div class=\"content\"><!-- wp:paragraph -->\n<p>Un nanom\u00e8tre est un millioni\u00e8me de millim\u00e8tre. Compar\u00e9 \u00e0 un nanom\u00e8tre, un cheveu humain a une forte \u00e9paisseur, puisqu&rsquo;il est dix mille fois plus \u00e9pais qu&rsquo;un nanom\u00e8tre. Les nanotechnologies peuvent \u00eatre utilis\u00e9es dans divers domaines, dont l&rsquo;ing\u00e9nierie environnementale. Si la mati\u00e8re est r\u00e9duite au niveau nanom\u00e9trique, des propri\u00e9t\u00e9s particuli\u00e8res s\u2019apparaissent. Par exemple, le nanocoat de BionicProtect, qui est encore plus petit que l&rsquo;eau en nombre de nano, peut p\u00e9n\u00e9trer suffisamment et cr\u00e9er une r\u00e9ticulation avec la couche sup\u00e9rieure du support. Cela cr\u00e9e une fonction de protection ultra efficace.<\/p>\n<!-- \/wp:paragraph --><\/div>\n\t\t\t\t\t\t\t\t\t<\/div>\n\t\t\t\t\t\t\t\t<\/div>\n\t\t\t\t\t\t\t<\/div>\n\t\t\t\t\t\t\t\t\t\t\t\t\t<div class=\"accordion\">\n\t\t\t\t\t\t\t\t<div class=\"item\">\n\t\t\t\t\t\t\t\t\t<p class=\"toggle\" href=\"javascript:void(0);\">La BionicCoat est-elle durable?\t\t\t\t\t\t\t\t\t\t<i class=\"fa fa-angle-down show-ico\" aria-hidden=\"true\"><\/i>\n\t\t\t\t\t\t\t\t\t<\/p>\n\t\t\t\t\t\t\t\t\t<div class=\"inner\">\n\t\t\t\t\t\t\t\t\t\t<div class=\"content\"><!-- wp:paragraph -->\n<p>BionicCoat est disponible \u00e0 base d&rsquo;eau ou de solvant. La base est constitu\u00e9e d&rsquo;oxyde de silicium SIO2, le nano-sable. La couche \u00e0 base d&rsquo;eau est un produit enti\u00e8rement naturel. Pour la p\u00e9n\u00e9tration dans le verre et les m\u00e9taux, par exemple, une version avec solvant est n\u00e9cessaire. BionicCoat n&rsquo;utilise que des solvants enti\u00e8rement biod\u00e9gradables. Choisissez donc toujours BionicCoat ; le remplacement naturel et responsable des rev\u00eatements et des impr\u00e9gnants tels que le T\u00e9flon, les silicones, les PFAS et les polym\u00e8res (fluor\u00e9s).<\/p>\n<!-- \/wp:paragraph --><\/div>\n\t\t\t\t\t\t\t\t\t<\/div>\n\t\t\t\t\t\t\t\t<\/div>\n\t\t\t\t\t\t\t<\/div>\n\t\t\t\t\t\t\t\t\t\t\t<\/div>\n\t\t\t\t<\/div>\n\t\t\t<\/div>\n\t\t<\/div>\n\t<\/div>\n<\/section>\n\n\n\n        <div class=\"default-content wp-block-wrapper block-spacer-wrapper\">\n<div style=\"height:20px\" aria-hidden=\"true\" class=\"wp-block-spacer\"><\/div>\n<\/div>\n\n\n        <div class=\"default-content wp-block-wrapper block-separator-wrapper\">\n<hr class=\"wp-block-separator is-style-wide\"\/>\n<\/div>\n\n\n        <div class=\"default-content wp-block-wrapper block-spacer-wrapper\">\n<div style=\"height:60px\" aria-hidden=\"true\" class=\"wp-block-spacer\"><\/div>\n<\/div>\n\n\n        <div class=\"default-content wp-block-wrapper block-heading-wrapper\">\n<h6 class=\"wp-block-heading\">Exemple de projet<\/h6>\n<\/div>\n\n\n        <div class=\"default-content wp-block-wrapper block-paragraph-wrapper\">\n<p class=\"has-small-font-size\">BionicProtect est une excellente application dans le secteur. Non seulement pour la pr\u00e9servation et le nettoyage des \u00e9quipements, mais aussi au sein de sa gamme de produits. Une relation dans la production de produits jetables a lutt\u00e9 avec l\u2019hydrophobie de l\u2019emballage. Les solutions pr\u00e9c\u00e9dentes n\u2019ont pas pass\u00e9 le test de durabilit\u00e9 ; elles contenaient des substances qui ont \u00e9t\u00e9 plac\u00e9es sur la liste REACH (liste europ\u00e9enne des substances pr\u00e9occupantes). BionicProtect a \u00e9t\u00e9 choisi comme la solution id\u00e9ale et durable pour permettre aux produits jetables de conserver leur fonction de mani\u00e8re responsable.<\/p>\n<\/div>\n\n\n        <div class=\"default-content wp-block-wrapper block-spacer-wrapper\">\n<div style=\"height:40px\" aria-hidden=\"true\" class=\"wp-block-spacer\"><\/div>\n<\/div>","protected":false},"excerpt":{"rendered":"<p>Exemple de projet BionicProtect est une excellente application dans le secteur. Non seulement pour la pr\u00e9servation et le nettoyage des \u00e9quipements, mais aussi au sein de sa gamme de produits. Une relation dans la production de produits jetables a lutt\u00e9 avec l\u2019hydrophobie de l\u2019emballage. Les solutions pr\u00e9c\u00e9dentes n\u2019ont pas pass\u00e9 le test de durabilit\u00e9 ; [&hellip;]<\/p>\n","protected":false},"author":4,"featured_media":0,"parent":0,"menu_order":0,"comment_status":"closed","ping_status":"closed","template":"","meta":{"_acf_changed":false,"inline_featured_image":false,"footnotes":""},"class_list":["post-8661","page","type-page","status-publish","hentry"],"acf":[],"yoast_head":"<!-- This site is optimized with the Yoast SEO plugin v27.3 - https:\/\/yoast.com\/product\/yoast-seo-wordpress\/ -->\n<title>BionicCoat pour l&#039;industrie - BionicProtect<\/title>\n<meta name=\"robots\" content=\"index, follow, max-snippet:-1, max-image-preview:large, max-video-preview:-1\" \/>\n<link rel=\"canonical\" href=\"https:\/\/bionicprotect.nl\/fr\/bioniccoat-pour-lindustrie\/\" \/>\n<meta property=\"og:locale\" content=\"fr_FR\" \/>\n<meta property=\"og:type\" content=\"article\" \/>\n<meta property=\"og:title\" content=\"BionicCoat pour l&#039;industrie - BionicProtect\" \/>\n<meta property=\"og:description\" content=\"Exemple de projet BionicProtect est une excellente application dans le secteur. Non seulement pour la pr\u00e9servation et le nettoyage des \u00e9quipements, mais aussi au sein de sa gamme de produits. Une relation dans la production de produits jetables a lutt\u00e9 avec l\u2019hydrophobie de l\u2019emballage. Les solutions pr\u00e9c\u00e9dentes n\u2019ont pas pass\u00e9 le test de durabilit\u00e9 ; [&hellip;]\" \/>\n<meta property=\"og:url\" content=\"https:\/\/bionicprotect.nl\/fr\/bioniccoat-pour-lindustrie\/\" \/>\n<meta property=\"og:site_name\" content=\"BionicProtect\" \/>\n<meta property=\"article:modified_time\" content=\"2021-07-16T09:45:08+00:00\" \/>\n<meta name=\"twitter:card\" content=\"summary_large_image\" \/>\n<meta name=\"twitter:label1\" content=\"Est. reading time\" \/>\n\t<meta name=\"twitter:data1\" content=\"1 minute\" \/>\n<script type=\"application\/ld+json\" class=\"yoast-schema-graph\">{\"@context\":\"https:\\\/\\\/schema.org\",\"@graph\":[{\"@type\":\"WebPage\",\"@id\":\"https:\\\/\\\/bionicprotect.nl\\\/fr\\\/bioniccoat-pour-lindustrie\\\/\",\"url\":\"https:\\\/\\\/bionicprotect.nl\\\/fr\\\/bioniccoat-pour-lindustrie\\\/\",\"name\":\"BionicCoat pour l'industrie - BionicProtect\",\"isPartOf\":{\"@id\":\"https:\\\/\\\/bionicprotect.nl\\\/#website\"},\"datePublished\":\"2021-07-14T13:37:41+00:00\",\"dateModified\":\"2021-07-16T09:45:08+00:00\",\"breadcrumb\":{\"@id\":\"https:\\\/\\\/bionicprotect.nl\\\/fr\\\/bioniccoat-pour-lindustrie\\\/#breadcrumb\"},\"inLanguage\":\"fr-FR\",\"potentialAction\":[{\"@type\":\"ReadAction\",\"target\":[\"https:\\\/\\\/bionicprotect.nl\\\/fr\\\/bioniccoat-pour-lindustrie\\\/\"]}]},{\"@type\":\"BreadcrumbList\",\"@id\":\"https:\\\/\\\/bionicprotect.nl\\\/fr\\\/bioniccoat-pour-lindustrie\\\/#breadcrumb\",\"itemListElement\":[{\"@type\":\"ListItem\",\"position\":1,\"name\":\"Home\",\"item\":\"https:\\\/\\\/bionicprotect.nl\\\/fr\\\/\"},{\"@type\":\"ListItem\",\"position\":2,\"name\":\"BionicCoat pour l&rsquo;industrie\"}]},{\"@type\":\"WebSite\",\"@id\":\"https:\\\/\\\/bionicprotect.nl\\\/#website\",\"url\":\"https:\\\/\\\/bionicprotect.nl\\\/\",\"name\":\"BionicProtect\",\"description\":\"En nog een WordPress site\",\"potentialAction\":[{\"@type\":\"SearchAction\",\"target\":{\"@type\":\"EntryPoint\",\"urlTemplate\":\"https:\\\/\\\/bionicprotect.nl\\\/?s={search_term_string}\"},\"query-input\":{\"@type\":\"PropertyValueSpecification\",\"valueRequired\":true,\"valueName\":\"search_term_string\"}}],\"inLanguage\":\"fr-FR\"}]}<\/script>\n<!-- \/ Yoast SEO plugin. -->","yoast_head_json":{"title":"BionicCoat pour l'industrie - BionicProtect","robots":{"index":"index","follow":"follow","max-snippet":"max-snippet:-1","max-image-preview":"max-image-preview:large","max-video-preview":"max-video-preview:-1"},"canonical":"https:\/\/bionicprotect.nl\/fr\/bioniccoat-pour-lindustrie\/","og_locale":"fr_FR","og_type":"article","og_title":"BionicCoat pour l'industrie - BionicProtect","og_description":"Exemple de projet BionicProtect est une excellente application dans le secteur. Non seulement pour la pr\u00e9servation et le nettoyage des \u00e9quipements, mais aussi au sein de sa gamme de produits. Une relation dans la production de produits jetables a lutt\u00e9 avec l\u2019hydrophobie de l\u2019emballage. Les solutions pr\u00e9c\u00e9dentes n\u2019ont pas pass\u00e9 le test de durabilit\u00e9 ; [&hellip;]","og_url":"https:\/\/bionicprotect.nl\/fr\/bioniccoat-pour-lindustrie\/","og_site_name":"BionicProtect","article_modified_time":"2021-07-16T09:45:08+00:00","twitter_card":"summary_large_image","twitter_misc":{"Est. reading time":"1 minute"},"schema":{"@context":"https:\/\/schema.org","@graph":[{"@type":"WebPage","@id":"https:\/\/bionicprotect.nl\/fr\/bioniccoat-pour-lindustrie\/","url":"https:\/\/bionicprotect.nl\/fr\/bioniccoat-pour-lindustrie\/","name":"BionicCoat pour l'industrie - BionicProtect","isPartOf":{"@id":"https:\/\/bionicprotect.nl\/#website"},"datePublished":"2021-07-14T13:37:41+00:00","dateModified":"2021-07-16T09:45:08+00:00","breadcrumb":{"@id":"https:\/\/bionicprotect.nl\/fr\/bioniccoat-pour-lindustrie\/#breadcrumb"},"inLanguage":"fr-FR","potentialAction":[{"@type":"ReadAction","target":["https:\/\/bionicprotect.nl\/fr\/bioniccoat-pour-lindustrie\/"]}]},{"@type":"BreadcrumbList","@id":"https:\/\/bionicprotect.nl\/fr\/bioniccoat-pour-lindustrie\/#breadcrumb","itemListElement":[{"@type":"ListItem","position":1,"name":"Home","item":"https:\/\/bionicprotect.nl\/fr\/"},{"@type":"ListItem","position":2,"name":"BionicCoat pour l&rsquo;industrie"}]},{"@type":"WebSite","@id":"https:\/\/bionicprotect.nl\/#website","url":"https:\/\/bionicprotect.nl\/","name":"BionicProtect","description":"En nog een WordPress site","potentialAction":[{"@type":"SearchAction","target":{"@type":"EntryPoint","urlTemplate":"https:\/\/bionicprotect.nl\/?s={search_term_string}"},"query-input":{"@type":"PropertyValueSpecification","valueRequired":true,"valueName":"search_term_string"}}],"inLanguage":"fr-FR"}]}},"_links":{"self":[{"href":"https:\/\/bionicprotect.nl\/fr\/wp-json\/wp\/v2\/pages\/8661","targetHints":{"allow":["GET"]}}],"collection":[{"href":"https:\/\/bionicprotect.nl\/fr\/wp-json\/wp\/v2\/pages"}],"about":[{"href":"https:\/\/bionicprotect.nl\/fr\/wp-json\/wp\/v2\/types\/page"}],"author":[{"embeddable":true,"href":"https:\/\/bionicprotect.nl\/fr\/wp-json\/wp\/v2\/users\/4"}],"replies":[{"embeddable":true,"href":"https:\/\/bionicprotect.nl\/fr\/wp-json\/wp\/v2\/comments?post=8661"}],"version-history":[{"count":0,"href":"https:\/\/bionicprotect.nl\/fr\/wp-json\/wp\/v2\/pages\/8661\/revisions"}],"wp:attachment":[{"href":"https:\/\/bionicprotect.nl\/fr\/wp-json\/wp\/v2\/media?parent=8661"}],"curies":[{"name":"wp","href":"https:\/\/api.w.org\/{rel}","templated":true}]}}