{"id":5687,"date":"2021-02-24T09:47:51","date_gmt":"2021-02-24T09:47:51","guid":{"rendered":"https:\/\/bionicprotect.nl\/over-ons\/"},"modified":"2021-07-24T08:03:31","modified_gmt":"2021-07-24T08:03:31","slug":"uber-uns","status":"publish","type":"page","link":"https:\/\/bionicprotect.nl\/de\/uber-uns\/","title":{"rendered":"\u00dcber uns"},"content":{"rendered":"<section class=\"hero-section\" style=\"background-image: url(https:\/\/bionicprotect.nl\/wp-content\/uploads\/bg6.jpg);\">\n\t<div class=\"mask\"><\/div>\n\t<div class=\"hero-section__container\">\n\t\t<div class=\"hero-section__row\">\n\t\t\t<div class=\"hero-section__block\">\n\t\t\t\t\t\t\t\t\t\t\t\t\t<div class=\"icon-inner \">\n\t\t\t\t\t\t\t\t\t\t\t\t\t<p class=\"hero-title\">\u00dcber uns<\/p>\n\t\t\t\t\t\t\t\t\t\t\t\t\t<img decoding=\"async\" class=\"icon-right def\" src=\"https:\/\/bionicprotect.nl\/wp-content\/uploads\/BP_Vignet.svg\" alt=\"BP_Vignet\">\n\t\t\t\t\t\t\t\t\t\t\t<\/div>\n\t\t\t\t\n\t\t\t<\/div>\n\t\t<\/div>\n\t<\/div>\n<\/section>\n\n\n\n        <div class=\"default-content wp-block-wrapper block-spacer-wrapper\">\n<div style=\"height:20px\" aria-hidden=\"true\" class=\"wp-block-spacer\"><\/div>\n<\/div>\n\n<section  class=\"image-and-text-section\">\n\t<div class=\"image-and-text-section__container\">\n\t\t<div class=\"image-and-text-section__row\">\n\t\t\t<div class=\"image-and-text-section__block\">\n\t\t\t\t\t\t\t\t<div class=\"left-side\">\n\t\t\t\t\t\t\t\t\t\t\t<img decoding=\"async\" src=\"https:\/\/bionicprotect.nl\/wp-content\/uploads\/Sustainable-coatings-cleaners.jpg\" alt=\"image\">\n\t\t\t\t\t\t\t\t\t\t\t\t\t\t<\/div>\n\t\t\t\t<div class=\"right-side\">\n\t\t\t\t\t\t\t\t\t\t\t<h3 class=\"title\">Steigern Sie auch Ihren Anteil an der Schaffung einer besseren Welt.<\/h3>\n\t\t\t\t\t\t\t\t\t\t<div class=\"text\">\n\t\t\t\t\t\t<p>Lassen Sie uns das nicht umgehen: Es ist sehr wichtig, dass wir alle Materialien sch\u00fctzen und sauber halten, aber das sollte nicht auf Kosten der Umwelt gehen. Sie k\u00f6nnen sich noch daran erinnern, dass die Bauwelt vor einiger Zeit wegen der enormen Menge an PFAS auf niederl\u00e4ndischem Boden geschlossen wurde. Und was ist mit der Kontamination durch PFAS, Silikone und (Fluor-) Polymere? Alle Schadstoffe, die zur Beschichtung und Impr\u00e4gnierung verwendet werden. Reinigungsprodukte werden h\u00e4ufig mit Chemikalien geliefert. All dies muss gestoppt werden. Stimmst du nicht zu? Und deshalb gibt es BionicProtect\u00ae. BionicProtect\u00ae m\u00f6chte mit Ihnen zusammenarbeiten, um einen wesentlichen Beitrag zur Verwirklichung einer besseren Welt zu leisten, ohne Zugest\u00e4ndnisse an das Ziel zu machen, Materialien langfristig zu sch\u00fctzen und sauber zu halten.<\/p>\n\t\t\t\t\t<\/div>\n\t\t\t\t\t\t\t\t\t\t\t<a class=\"cta-button black\" href=\"https:\/\/bionicprotect.nl\/de\/projekte\/\" title=\"Projekte\"\n\t\t\t\t\t\t\t target=\"\">\n\t\t\t\t\t\t\tProjekte\t\t\t\t\t\t\t<i class=\"fa fa-angle-right\"><\/i>\n\t\t\t\t\t\t<\/a>\n\t\t\t\t\t\t\t\t\t<\/div>\n\t\t\t<\/div>\n\t\t<\/div>\n\t<\/div>\n<\/section>\n\n\n<section  class=\"content-columns-section\">\n\t<div class=\"content-columns-section__container\">\n\t\t<div class=\"content-columns-section__row\">\n\t\t\t<div class=\"content-columns-section__block\">\n\t\t\t\t\t\t\t\t\t<div class=\"column trc \" >\n\t\t\t\t\t\t\t\t\t\t\t\t\t\t\t\t\t\t\t\t<h5 class=\"title\" style=\"color:#0db14b\";>\n\t\t\t\t\t\t\t\t\t\u00d6kologisch einwandfrei\t\t\t\t\t\t\t\t<\/h5>\n\t\t\t\t\t\t\t\t\t\t\t\t\t\t\t\t\t\t\t\t\t\t\t\t\t<div class=\"content\">\n\t\t\t\t\t\t\t\t<ul>\n<li>Unser Lebensumfeld verdient mehr Aufmerksamkeit, wenn es f\u00fcr die Zukunft unserer Kinder und Enkelkinder gesch\u00fctzt werden soll. Dies kann auch einfach durch die Auswahl von Produkten geschehen, die genauso gut oder sogar noch besser sind, ohne die Umwelt zu sch\u00e4digen. Und das muss nichts mehr kosten, beweist BionicProtect\u00ae.<\/li>\n<\/ul>\n\t\t\t\t\t\t\t<\/div>\n\t\t\t\t\t\t\t\t\t\t\t\t\t\t\t\t\t<\/div>\n\t\t\t\t\t\t\t\t\t<div class=\"column trc \" >\n\t\t\t\t\t\t\t\t\t\t\t\t\t\t\t\t\t\t\t\t<h5 class=\"title\" style=\"color:#0db14b\";>\n\t\t\t\t\t\t\t\t\tProdukte nachhaltiger machen\t\t\t\t\t\t\t\t<\/h5>\n\t\t\t\t\t\t\t\t\t\t\t\t\t\t\t\t\t\t\t\t\t\t\t\t\t<div class=\"content\">\n\t\t\t\t\t\t\t\t<ul>\n<li>Mit BionicProtect\u00ae halten Sie Materialien und Objekte in ihrem urspr\u00fcnglichen Zustand. Au\u00dferdem machen Sie sie &#8222;leicht zu reinigen&#8220;. Die M\u00e4ntel f\u00fcgen oft zus\u00e4tzliche Werte hinzu. Denken Sie an Energieeinsparungen, wenn Sie BionicCoat auf Fassaden auftragen, um einen Austausch zu verhindern, da das beschichtete Material in neuem Zustand bleibt und Verf\u00e4rbungen durch UV-Licht usw. bek\u00e4mpft werden<\/li>\n<\/ul>\n\t\t\t\t\t\t\t<\/div>\n\t\t\t\t\t\t\t\t\t\t\t\t\t\t\t\t\t<\/div>\n\t\t\t\t\t\t\t\t\t<div class=\"column trc \" >\n\t\t\t\t\t\t\t\t\t\t\t\t\t\t\t\t\t\t\t\t<h5 class=\"title\" style=\"color:#0db14b\";>\n\t\t\t\t\t\t\t\t\tNat\u00fcrlicher Schutz\t\t\t\t\t\t\t\t<\/h5>\n\t\t\t\t\t\t\t\t\t\t\t\t\t\t\t\t\t\t\t\t\t\t\t\t\t<div class=\"content\">\n\t\t\t\t\t\t\t\t<ul>\n<li>Unabh\u00e4ngig davon, welches Material Sie original halten m\u00f6chten, mit dem BionicCoat von BionicProtect\u00ae werden Sie vollst\u00e4ndig und verantwortungsbewusst erfolgreich sein. BionicCoat wurde auf Basis der Nanotechnologie entwickelt. Der Grundbestandteil ist Siliziumoxid SiO2 (Nanosand). Nachhaltiger geht es nicht. Dank der kleinsten Molek\u00fclkette ist es auch breit und optimal nutzbar.<\/li>\n<\/ul>\n\t\t\t\t\t\t\t<\/div>\n\t\t\t\t\t\t\t\t\t\t\t\t\t\t\t\t\t<\/div>\n\t\t\t\t\t\t\t<\/div>\n\t\t<\/div>\n\t<\/div>\n<\/section>\n\n\n\n        <div class=\"default-content wp-block-wrapper block-separator-wrapper\">\n<hr class=\"wp-block-separator is-style-wide\"\/>\n<\/div>\n\n<section  class=\"background-cta-text-section\"\n\t\t\t\t style=\"background-image: url(https:\/\/bionicprotect.nl\/wp-content\/uploads\/bg7.jpg);\">\n\t<div class=\"background-cta-text-section__container\">\n\t\t<div class=\"background-cta-text-section__row\">\n\t\t\t<div class=\"background-cta-text-section__block\">\n\t\t\t\t<div class=\"left-side\">\n\t\t\t\t\t\t\t\t\t\t\t<h3 class=\"section-title\">Entwickelt in den Niederlanden<\/h3>\n\t\t\t\t\t\t\t\t\t\t<div class=\"block-content\">\n\t\t\t\t\t\t<p>Begeisterte und intelligente Produkttechnologen, Labortechniker und Produktspezialisten wurden zusammengebracht, um das au\u00dfergew\u00f6hnliche Sortiment an nachhaltigen Beschichtungen und Reinigern von BionicProtect\u00ae zu entwickeln. Diese Beschichtungen und Reiniger sind daher in ihrer Art einzigartig. Sie sind langlebig, leistungsstark und sparsam im Gebrauch, sehr einfach anzuwenden, haben eine lang wirkende Funktion und sind auch sehr erschwinglich. Machen Sie auch einen gro\u00dfen Schritt in Richtung einer nachhaltigen Zukunft und versprechen Sie, nie wieder umweltsch\u00e4dliche Beschichtungen und chemische Reinigungsmittel zu verwenden.<\/p>\n\t\t\t\t\t<\/div>\n\t\t\t\t\t\t\t\t\t\t\t<a class=\"block-button\" href=\"https:\/\/bionicprotect.nl\/de\/bioniccoat\/\" title=\"BionicCoat\"\n\t\t\t\t\t\t\t target=\"\">\n\t\t\t\t\t\t\tBionicCoat\t\t\t\t\t\t\t<i class=\"fa fa-angle-right\"><\/i><\/span>\n\t\t\t\t\t\t<\/a>\n\t\t\t\t\t\t\t\t\t<\/div>\n\t\t\t\t<div class=\"right-side\">\n\t\t\t\t\t<div class=\"top-block\">\n\t\t\t\t\t\t\t\t\t\t\t\t\t<h3 class=\"block-title\">M\u00f6chten Sie ein Distributor sein?<\/h3>\n\t\t\t\t\t\t\t\t\t\t\t\t\t\t\t\t\t\t\t<a class=\"block-button\" href=\"https:\/\/bionicprotect.nl\/de\/distributor\/\" title=\"Mehr Informationen\"\n\t\t\t\t\t\t\t\t target=\"\">\n\t\t\t\t\t\t\t\tMehr Informationen\t\t\t\t\t\t\t\t<i class=\"fa fa-angle-right\"><\/i><\/span>\n\t\t\t\t\t\t\t<\/a>\n\t\t\t\t\t\t\t\t\t\t\t<\/div>\n\t\t\t\t\t<div class=\"bottom-block\">\n\t\t\t\t\t\t\t\t\t\t\t\t\t<h3 class=\"block-title\">M\u00f6chten Sie eine Demonstration von BionicProtect?<\/h3>\n\t\t\t\t\t\t\t\t\t\t\t\t\t\t\t\t\t\t\t<a class=\"block-button\" href=\"https:\/\/bionicprotect.nl\/de\/demonstratie\/\" title=\"Demonstration\"\n\t\t\t\t\t\t\t\t target=\"\">\n\t\t\t\t\t\t\t\tDemonstration\t\t\t\t\t\t\t\t<i class=\"fa fa-angle-right\"><\/i><\/span>\n\t\t\t\t\t\t\t<\/a>\n\t\t\t\t\t\t\t\t\t\t\t<\/div>\n\t\t\t\t<\/div>\n\t\t\t<\/div>\n\t\t<\/div>\n\t<\/div>\n<\/section>\n\n\n<section  class=\"two-col-content-section\">\n    <div class=\"two-col-content-section__container\">\n        <div class=\"two-col-content-section__row\">\n            <div class=\"two-col-content-section__block\">\n                <div class=\"content-left\">\n                    <div class=\"content\" style=\"color: #000000\"><p><img loading=\"lazy\" decoding=\"async\" class=\"alignnone size-full wp-image-7738\" src=\"https:\/\/bionicprotect.nl\/wp-content\/uploads\/Over-Sustainable-de.jpg\" alt=\"\" width=\"316\" height=\"200\" srcset=\"https:\/\/bionicprotect.nl\/wp-content\/uploads\/Over-Sustainable-de.jpg 632w, https:\/\/bionicprotect.nl\/wp-content\/uploads\/Over-Sustainable-de-126x80.jpg 126w, https:\/\/bionicprotect.nl\/wp-content\/uploads\/Over-Sustainable-de-600x380.jpg 600w, https:\/\/bionicprotect.nl\/wp-content\/uploads\/Over-Sustainable-de-200x127.jpg 200w, https:\/\/bionicprotect.nl\/wp-content\/uploads\/Over-Sustainable-de-300x190.jpg 300w\" sizes=\"auto, (max-width: 316px) 100vw, 316px\" \/><\/p>\n<h3 style=\"color: #0db14b;\">BionicCoat konserviert und<br \/>\nmacht Materialien leicht zu reinigen<\/h3>\n<ul>\n<li>Dank der Nanotechnologie dringt der BionicCoat tief in das Substrat ein<\/li>\n<li>Eine einzigartige Komposition f\u00fcr jedes Material<\/li>\n<li>BionicProtect\u00ae-Schichten basieren auf \u00f6kologischen Rohstoffen<\/li>\n<li>Mindestens 10 Jahre nicht abnehmende Garantie auf den Betrieb<\/li>\n<li>Sehr einfach anzuwenden, einschlie\u00dflich Pinsel, Walze, Schwamm und Spr\u00fchger\u00e4t<\/li>\n<\/ul>\n<\/div>\n                <\/div>\n                <div class=\"content-right\">\n                    <div class=\"content\" style=\"color: #000\"><p><img loading=\"lazy\" decoding=\"async\" class=\"alignnone size-full wp-image-7735\" src=\"https:\/\/bionicprotect.nl\/wp-content\/uploads\/Over-Clean-de.jpg\" alt=\"\" width=\"316\" height=\"200\" srcset=\"https:\/\/bionicprotect.nl\/wp-content\/uploads\/Over-Clean-de.jpg 632w, https:\/\/bionicprotect.nl\/wp-content\/uploads\/Over-Clean-de-126x80.jpg 126w, https:\/\/bionicprotect.nl\/wp-content\/uploads\/Over-Clean-de-600x380.jpg 600w, https:\/\/bionicprotect.nl\/wp-content\/uploads\/Over-Clean-de-200x127.jpg 200w, https:\/\/bionicprotect.nl\/wp-content\/uploads\/Over-Clean-de-300x190.jpg 300w\" sizes=\"auto, (max-width: 316px) 100vw, 316px\" \/><\/p>\n<h3>BionicClean Reiniger f\u00fcr<br \/>\n100% saubere Oberfl\u00e4chen<\/h3>\n<ul>\n<li>Leistungsstarker Reiniger, auch f\u00fcr schwer zug\u00e4ngliche Oberfl\u00e4chen (z. B. Fassaden)<\/li>\n<li>Umweltfreundlich und perfekt in Kombination mit BionicCoat<\/li>\n<li>Hoch konzentriert, geruchsneutral, sparsam in der Anwendung<\/li>\n<li>Entfernt Schadstoffe wie Staub, Schlamm, tierische und pflanzliche Fette und Proteine<\/li>\n<li>Geeignet f\u00fcr fast jede Oberfl\u00e4che, einschlie\u00dflich Glas und Kunststoff<\/li>\n<\/ul>\n<\/div>\n                <\/div>\n            <\/div>\n        <\/div>\n    <\/div>\n<\/section>\n\n\n\n        <div class=\"default-content wp-block-wrapper block-spacer-wrapper\">\n<div style=\"height:20px\" aria-hidden=\"true\" class=\"wp-block-spacer\"><\/div>\n<\/div>\n\n\n        <div class=\"default-content wp-block-wrapper block-separator-wrapper\">\n<hr class=\"wp-block-separator is-style-wide\"\/>\n<\/div>\n\n\n        <div class=\"default-content wp-block-wrapper block-spacer-wrapper\">\n<div style=\"height:70px\" aria-hidden=\"true\" class=\"wp-block-spacer\"><\/div>\n<\/div>","protected":false},"excerpt":{"rendered":"","protected":false},"author":3,"featured_media":0,"parent":0,"menu_order":0,"comment_status":"closed","ping_status":"closed","template":"","meta":{"_acf_changed":false,"inline_featured_image":false,"footnotes":""},"class_list":["post-5687","page","type-page","status-publish","hentry"],"acf":[],"yoast_head":"<!-- This site is optimized with the Yoast SEO plugin v27.5 - https:\/\/yoast.com\/product\/yoast-seo-wordpress\/ -->\n<title>\u00dcber uns - BionicProtect<\/title>\n<meta name=\"robots\" content=\"index, follow, max-snippet:-1, max-image-preview:large, max-video-preview:-1\" \/>\n<link rel=\"canonical\" href=\"https:\/\/bionicprotect.nl\/de\/uber-uns\/\" \/>\n<meta property=\"og:locale\" content=\"de_DE\" \/>\n<meta property=\"og:type\" content=\"article\" \/>\n<meta property=\"og:title\" content=\"\u00dcber uns - BionicProtect\" \/>\n<meta property=\"og:url\" content=\"https:\/\/bionicprotect.nl\/de\/uber-uns\/\" \/>\n<meta property=\"og:site_name\" content=\"BionicProtect\" \/>\n<meta property=\"article:modified_time\" content=\"2021-07-24T08:03:31+00:00\" \/>\n<meta name=\"twitter:card\" content=\"summary_large_image\" \/>\n<script type=\"application\/ld+json\" class=\"yoast-schema-graph\">{\"@context\":\"https:\\\/\\\/schema.org\",\"@graph\":[{\"@type\":\"WebPage\",\"@id\":\"https:\\\/\\\/bionicprotect.nl\\\/de\\\/uber-uns\\\/\",\"url\":\"https:\\\/\\\/bionicprotect.nl\\\/de\\\/uber-uns\\\/\",\"name\":\"\u00dcber uns - BionicProtect\",\"isPartOf\":{\"@id\":\"https:\\\/\\\/bionicprotect.nl\\\/#website\"},\"datePublished\":\"2021-02-24T09:47:51+00:00\",\"dateModified\":\"2021-07-24T08:03:31+00:00\",\"breadcrumb\":{\"@id\":\"https:\\\/\\\/bionicprotect.nl\\\/de\\\/uber-uns\\\/#breadcrumb\"},\"inLanguage\":\"de-DE\",\"potentialAction\":[{\"@type\":\"ReadAction\",\"target\":[\"https:\\\/\\\/bionicprotect.nl\\\/de\\\/uber-uns\\\/\"]}]},{\"@type\":\"BreadcrumbList\",\"@id\":\"https:\\\/\\\/bionicprotect.nl\\\/de\\\/uber-uns\\\/#breadcrumb\",\"itemListElement\":[{\"@type\":\"ListItem\",\"position\":1,\"name\":\"Home\",\"item\":\"https:\\\/\\\/bionicprotect.nl\\\/de\\\/\"},{\"@type\":\"ListItem\",\"position\":2,\"name\":\"\u00dcber uns\"}]},{\"@type\":\"WebSite\",\"@id\":\"https:\\\/\\\/bionicprotect.nl\\\/#website\",\"url\":\"https:\\\/\\\/bionicprotect.nl\\\/\",\"name\":\"BionicProtect\",\"description\":\"En nog een WordPress site\",\"potentialAction\":[{\"@type\":\"SearchAction\",\"target\":{\"@type\":\"EntryPoint\",\"urlTemplate\":\"https:\\\/\\\/bionicprotect.nl\\\/?s={search_term_string}\"},\"query-input\":{\"@type\":\"PropertyValueSpecification\",\"valueRequired\":true,\"valueName\":\"search_term_string\"}}],\"inLanguage\":\"de-DE\"}]}<\/script>\n<!-- \/ Yoast SEO plugin. -->","yoast_head_json":{"title":"\u00dcber uns - BionicProtect","robots":{"index":"index","follow":"follow","max-snippet":"max-snippet:-1","max-image-preview":"max-image-preview:large","max-video-preview":"max-video-preview:-1"},"canonical":"https:\/\/bionicprotect.nl\/de\/uber-uns\/","og_locale":"de_DE","og_type":"article","og_title":"\u00dcber uns - BionicProtect","og_url":"https:\/\/bionicprotect.nl\/de\/uber-uns\/","og_site_name":"BionicProtect","article_modified_time":"2021-07-24T08:03:31+00:00","twitter_card":"summary_large_image","schema":{"@context":"https:\/\/schema.org","@graph":[{"@type":"WebPage","@id":"https:\/\/bionicprotect.nl\/de\/uber-uns\/","url":"https:\/\/bionicprotect.nl\/de\/uber-uns\/","name":"\u00dcber uns - BionicProtect","isPartOf":{"@id":"https:\/\/bionicprotect.nl\/#website"},"datePublished":"2021-02-24T09:47:51+00:00","dateModified":"2021-07-24T08:03:31+00:00","breadcrumb":{"@id":"https:\/\/bionicprotect.nl\/de\/uber-uns\/#breadcrumb"},"inLanguage":"de-DE","potentialAction":[{"@type":"ReadAction","target":["https:\/\/bionicprotect.nl\/de\/uber-uns\/"]}]},{"@type":"BreadcrumbList","@id":"https:\/\/bionicprotect.nl\/de\/uber-uns\/#breadcrumb","itemListElement":[{"@type":"ListItem","position":1,"name":"Home","item":"https:\/\/bionicprotect.nl\/de\/"},{"@type":"ListItem","position":2,"name":"\u00dcber uns"}]},{"@type":"WebSite","@id":"https:\/\/bionicprotect.nl\/#website","url":"https:\/\/bionicprotect.nl\/","name":"BionicProtect","description":"En nog een WordPress site","potentialAction":[{"@type":"SearchAction","target":{"@type":"EntryPoint","urlTemplate":"https:\/\/bionicprotect.nl\/?s={search_term_string}"},"query-input":{"@type":"PropertyValueSpecification","valueRequired":true,"valueName":"search_term_string"}}],"inLanguage":"de-DE"}]}},"_links":{"self":[{"href":"https:\/\/bionicprotect.nl\/de\/wp-json\/wp\/v2\/pages\/5687","targetHints":{"allow":["GET"]}}],"collection":[{"href":"https:\/\/bionicprotect.nl\/de\/wp-json\/wp\/v2\/pages"}],"about":[{"href":"https:\/\/bionicprotect.nl\/de\/wp-json\/wp\/v2\/types\/page"}],"author":[{"embeddable":true,"href":"https:\/\/bionicprotect.nl\/de\/wp-json\/wp\/v2\/users\/3"}],"replies":[{"embeddable":true,"href":"https:\/\/bionicprotect.nl\/de\/wp-json\/wp\/v2\/comments?post=5687"}],"version-history":[{"count":0,"href":"https:\/\/bionicprotect.nl\/de\/wp-json\/wp\/v2\/pages\/5687\/revisions"}],"wp:attachment":[{"href":"https:\/\/bionicprotect.nl\/de\/wp-json\/wp\/v2\/media?parent=5687"}],"curies":[{"name":"wp","href":"https:\/\/api.w.org\/{rel}","templated":true}]}}