{"id":5679,"date":"2021-02-24T11:49:29","date_gmt":"2021-02-24T11:49:29","guid":{"rendered":"https:\/\/bionicprotect.nl\/bionicclean\/"},"modified":"2021-04-26T12:31:40","modified_gmt":"2021-04-26T12:31:40","slug":"bionicclean","status":"publish","type":"page","link":"https:\/\/bionicprotect.nl\/de\/bionicclean\/","title":{"rendered":"BionicClean"},"content":{"rendered":"<section class=\"hero-section\" style=\"background-image: url(https:\/\/bionicprotect.nl\/wp-content\/uploads\/bg4.jpg);\">\n\t<div class=\"mask\"><\/div>\n\t<div class=\"hero-section__container\">\n\t\t<div class=\"hero-section__row\">\n\t\t\t<div class=\"hero-section__block\">\n\t\t\t\t\t\t\t\t\t<img decoding=\"async\" class=\"icon\" src=\"https:\/\/bionicprotect.nl\/wp-content\/uploads\/BP_Vignet_Sustainable_Cleaners-2.svg\" alt=\"BP_Vignet_Sustainable_Cleaners\">\n\t\t\t\t\t\t\t\t\t\t\t\t\t<div class=\"icon-inner icon-inner--non-displayed\">\n\t\t\t\t\t\t\t\t\t\t\t\t\t<img decoding=\"async\" class=\"icon def\" src=\"https:\/\/bionicprotect.nl\/wp-content\/uploads\/BP_Vignet.svg\" alt=\"BP_Vignet\">\n\t\t\t\t\t\t\t\t\t\t\t<\/div>\n\t\t\t\t\n\t\t\t<\/div>\n\t\t<\/div>\n\t<\/div>\n<\/section>\n\n\n\n        <div class=\"default-content wp-block-wrapper block-spacer-wrapper\">\n<div style=\"height:60px\" aria-hidden=\"true\" class=\"wp-block-spacer\"><\/div>\n<\/div>\n\n\n        <div class=\"default-content wp-block-wrapper block-heading-wrapper\">\n<h1 class=\"has-text-color wp-block-heading\" style=\"color:#0db14b;font-size:26px\">BionicClean f\u00fcr eine nachhaltige Reinigung<\/h1>\n<\/div>\n\n<section  class=\"content-columns-section\">\n\t<div class=\"content-columns-section__container\">\n\t\t<div class=\"content-columns-section__row\">\n\t\t\t<div class=\"content-columns-section__block\">\n\t\t\t\t\t\t\t\t\t<div class=\"column  flexible\" style=\"width: 20%\";>\n\t\t\t\t\t\t\t\t\t\t\t\t\t\t\t\t\t\t\t<h6 class=\"title\" >\n\t\t\t\t\t\t\t\tBionicClean Schaum Reiniger\t\t\t\t\t\t\t<\/h6>\n\t\t\t\t\t\t\t\t\t\t\t\t\t\t\t\t\t\t\t\t\t\t\t\t\t<div class=\"content\">\n\t\t\t\t\t\t\t\t<ul>\n<li>Leistungsstarker Reiniger, auch f\u00fcr schwer zug\u00e4ngliche Oberfl\u00e4chen (z. B. Fassaden)<\/li>\n<li>Umweltfreundlich und perfekt in Kombination mit der Bionic-Protect\u00ae-Beschichtung<\/li>\n<li>Hoch konzentriert, geruchsneutral<\/li>\n<li>Entfernt Verschmutzungen wie Staub, Schlamm, tierische und pflanzliche Fette und Proteine<\/li>\n<\/ul>\n\t\t\t\t\t\t\t<\/div>\n\t\t\t\t\t\t\t\t\t\t\t\t\t\t\t\t\t\t\t<a class=\"block-button\" href=\"https:\/\/bionicprotect.nl\/de\/bionicclean\/schaum-reiniger\/\" title=\"Produkt anzeigen\"\n\t\t\t\t\t\t\t\t target=\"\">\n\t\t\t\t\t\t\t\tProdukt anzeigen\t\t\t\t\t\t\t\t<i class=\"fa fa-angle-right\"><\/i>\n\t\t\t\t\t\t\t<\/a>\n\t\t\t\t\t\t\t\t\t\t\t<\/div>\n\t\t\t\t\t\t\t\t\t<div class=\"column  flexible\" style=\"width: 20%\";>\n\t\t\t\t\t\t\t\t\t\t\t\t\t\t\t\t\t\t\t<h6 class=\"title\" >\n\t\t\t\t\t\t\t\tBionicClean Ultra Reiniger\t\t\t\t\t\t\t<\/h6>\n\t\t\t\t\t\t\t\t\t\t\t\t\t\t\t\t\t\t\t\t\t\t\t\t\t<div class=\"content\">\n\t\t\t\t\t\t\t\t<ul>\n<li>\u00a0Intensivreiniger f\u00fcr Oberfl\u00e4chen in Reichweite<\/li>\n<li>Hoch konzentriert, frisch duftend<\/li>\n<li>Geeignet f\u00fcr fast jede Oberfl\u00e4che, einschlie\u00dflich Glas und Kunststoff<\/li>\n<li>Entfernt Verschmutzungen wie Staub, Schlamm, tierische und pflanzliche Fette und Proteine<\/li>\n<\/ul>\n\t\t\t\t\t\t\t<\/div>\n\t\t\t\t\t\t\t\t\t\t\t\t\t\t\t\t\t\t\t<a class=\"block-button\" href=\"https:\/\/bionicprotect.nl\/de\/bionicclean\/ultra-reiniger\/\" title=\"Produkt anzeigen\"\n\t\t\t\t\t\t\t\t target=\"\">\n\t\t\t\t\t\t\t\tProdukt anzeigen\t\t\t\t\t\t\t\t<i class=\"fa fa-angle-right\"><\/i>\n\t\t\t\t\t\t\t<\/a>\n\t\t\t\t\t\t\t\t\t\t\t<\/div>\n\t\t\t\t\t\t\t\t\t<div class=\"column  flexible\" style=\"width: 20%\";>\n\t\t\t\t\t\t\t\t\t\t\t\t\t\t\t\t\t\t\t<h6 class=\"title\" >\n\t\t\t\t\t\t\t\tBionicClean Enzym Reiniger\t\t\t\t\t\t\t<\/h6>\n\t\t\t\t\t\t\t\t\t\t\t\t\t\t\t\t\t\t\t\t\t\t\t\t\t<div class=\"content\">\n\t\t\t\t\t\t\t\t<ul>\n<li>Enzymreinigungsmittel. Enzyme sind nat\u00fcrliche Proteine<\/li>\n<li>Sie zerst\u00f6ren jede organische Substanz und wandeln sie in kleine wasserl\u00f6sliche R\u00fcckst\u00e4nde um<\/li>\n<li>Bakterien nehmen diese R\u00fcckst\u00e4nde leicht auf. Dies gew\u00e4hrleistet einen extremen Tiefeneffekt<\/li>\n<li>Sauberer und hygienischer ist undenkbar<\/li>\n<\/ul>\n\t\t\t\t\t\t\t<\/div>\n\t\t\t\t\t\t\t\t\t\t\t\t\t\t\t\t\t\t\t<a class=\"block-button\" href=\"https:\/\/bionicprotect.nl\/de\/bionicclean\/enzym-reiniger\/\" title=\"Produkt anzeigen\"\n\t\t\t\t\t\t\t\t target=\"\">\n\t\t\t\t\t\t\t\tProdukt anzeigen\t\t\t\t\t\t\t\t<i class=\"fa fa-angle-right\"><\/i>\n\t\t\t\t\t\t\t<\/a>\n\t\t\t\t\t\t\t\t\t\t\t<\/div>\n\t\t\t\t\t\t\t\t\t<div class=\"column  flexible\" style=\"width: 20%\";>\n\t\t\t\t\t\t\t\t\t\t\t\t\t\t\t\t\t\t\t<h6 class=\"title\" >\n\t\t\t\t\t\t\t\tBionicClean Kalkl\u00f6ssser\t\t\t\t\t\t\t<\/h6>\n\t\t\t\t\t\t\t\t\t\t\t\t\t\t\t\t\t\t\t\t\t\t\t\t\t<div class=\"content\">\n\t\t\t\t\t\t\t\t<ul>\n<li>Aktiver Spezialreiniger f\u00fcr Kalk, Zementschleier und Rost<\/li>\n<li>Bietet schnell und einfach eine hygienische und saubere Oberfl\u00e4che<\/li>\n<li>Sehr vorteilhaft: Mischen Sie das Produkt gem\u00e4\u00df den Angaben auf dem Etikett mit Wasser<\/li>\n<li>Sparsam im Gebrauch: ca. 10 &#8211; 30 m2 pro Liter<\/li>\n<\/ul>\n\t\t\t\t\t\t\t<\/div>\n\t\t\t\t\t\t\t\t\t\t\t\t\t\t\t\t\t\t\t<a class=\"block-button\" href=\"https:\/\/bionicprotect.nl\/de\/bionicclean\/kalklosser\/\" title=\"Produkt anzeigen\"\n\t\t\t\t\t\t\t\t target=\"\">\n\t\t\t\t\t\t\t\tProdukt anzeigen\t\t\t\t\t\t\t\t<i class=\"fa fa-angle-right\"><\/i>\n\t\t\t\t\t\t\t<\/a>\n\t\t\t\t\t\t\t\t\t\t\t<\/div>\n\t\t\t\t\t\t\t\t\t<div class=\"column  flexible\" style=\"width: 20%\";>\n\t\t\t\t\t\t\t\t\t\t\t\t\t\t\t\t\t\t\t<h6 class=\"title\" >\n\t\t\t\t\t\t\t\tBionicClean Graffiti Entferner\t\t\t\t\t\t\t<\/h6>\n\t\t\t\t\t\t\t\t\t\t\t\t\t\t\t\t\t\t\t\t\t\t\t\t\t<div class=\"content\">\n\t\t\t\t\t\t\t\t<ul>\n<li>Entfernt unerw\u00fcnschte Farbe von fast jeder Oberfl\u00e4che<\/li>\n<li>Entfernt Aerosolfarbe, Farbspritzer und Verunreinigungen durch Filzstifte<\/li>\n<li>Spr\u00fchen, polieren &#8230; und das Graffiti ist weg<\/li>\n<li>Biologisch abbaubar<\/li>\n<\/ul>\n\t\t\t\t\t\t\t<\/div>\n\t\t\t\t\t\t\t\t\t\t\t\t\t\t\t\t\t\t\t<a class=\"block-button\" href=\"https:\/\/bionicprotect.nl\/de\/bionicclean\/graffiti-entferner\/\" title=\"Produkt anzeigen\"\n\t\t\t\t\t\t\t\t target=\"\">\n\t\t\t\t\t\t\t\tProdukt anzeigen\t\t\t\t\t\t\t\t<i class=\"fa fa-angle-right\"><\/i>\n\t\t\t\t\t\t\t<\/a>\n\t\t\t\t\t\t\t\t\t\t\t<\/div>\n\t\t\t\t\t\t\t<\/div>\n\t\t<\/div>\n\t<\/div>\n<\/section>\n\n\n\n        <div class=\"default-content wp-block-wrapper block-spacer-wrapper\">\n<div style=\"height:10px\" aria-hidden=\"true\" class=\"wp-block-spacer\"><\/div>\n<\/div>\n\n\n        <div class=\"default-content wp-block-wrapper block-separator-wrapper\">\n<hr class=\"wp-block-separator is-style-wide\"\/>\n<\/div>\n\n<section  class=\"simple-image-section\">\n    <div class=\"simple-image-section__container\">\n        <div class=\"simple-image-section__row\">\n            <div class=\"simple-image-section__block\">\n\t\t\t\t\t\t\t\t\t\t\t\t\t\t\t<img decoding=\"async\" class=\"image-desktop\" src=\"https:\/\/bionicprotect.nl\/wp-content\/uploads\/BionicClean-Products-all-de.jpg\" alt=\"BionicClean-Products-all-de\">\n\t\t\t\t\t\t\t\t\t\t\t\t\t\t\t\t\t\t\t\t\t\t<img decoding=\"async\" class=\"image-mobile\" src=\"https:\/\/bionicprotect.nl\/wp-content\/uploads\/BionicClean-Products-all-mobile-de.jpg\" alt=\"BionicClean-Products-all-mobile-de\">\n\t\t\t\t\t\t\t            <\/div>\n        <\/div>\n    <\/div>\n<\/section>\n\n\n<section  class=\"cta-fw-section\">\n\t\t<div class=\"cta-fw-section__container\">\n\t\t\t<div class=\"cta-fw-section__row\">\n\t\t\t\t<div class=\"cta-fw-section__block\">\n\t\t\t\t\t<div class=\"cta-block first\">\n\t\t\t\t\t\t\t\t\t\t\t\t\t<h3 class=\"block-title\">Bevorzugen Sie pers\u00f6nliche Beratung?<\/h3>\n\t\t\t\t\t\t\t\t\t\t\t\t\t\t\t\t\t\t\t<a class=\"block-button\" href=\"https:\/\/bionicprotect.nl\/de\/geplanter-termin\/\"\n\t\t\t\t\t\t\t\t title=\"GEPLANTER TERMIN\"\n\t\t\t\t\t\t\t\t target=\"\">\n\t\t\t\t\t\t\t\tGEPLANTER TERMIN\t\t\t\t\t\t\t\t<i class=\"fa fa-angle-right\"><\/i><\/span>\n\t\t\t\t\t\t\t<\/a>\n\t\t\t\t\t\t\t\t\t\t\t<\/div>\n\t\t\t\t\t<div class=\"cta-block second\">\n\t\t\t\t\t\t\t\t\t\t\t\t\t<h3 class=\"block-title\">M\u00f6chten Sie ein Distributor sein? Wiederverk\u00e4ufer werden?<\/h3>\n\t\t\t\t\t\t\t\t\t\t\t\t\t\t\t\t\t\t\t<a class=\"block-button\" href=\"https:\/\/bionicprotect.nl\/de\/distributor\/\"\n\t\t\t\t\t\t\t\t title=\"Distributeur\"\n\t\t\t\t\t\t\t\t target=\"\">\n\t\t\t\t\t\t\t\tDistributeur\t\t\t\t\t\t\t\t<i class=\"fa fa-angle-right\"><\/i><\/span>\n\t\t\t\t\t\t\t<\/a>\n\t\t\t\t\t\t\n\t\t\t\t\t<\/div>\n\t\t\t\t\t<div class=\"cta-block third\">\n\t\t\t\t\t\t\t\t\t\t\t\t\t<h3 class=\"block-title\">M\u00f6chten Sie eine Demonstration von BionicProtect\u00ae?<\/h3>\n\t\t\t\t\t\t\t\t\t\t\t\t\t\t\t\t\t\t\t<a class=\"block-button\" href=\"https:\/\/bionicprotect.nl\/de\/demonstratie\/\"\n\t\t\t\t\t\t\t\t title=\"Demonstratie\"\n\t\t\t\t\t\t\t\t target=\"\">\n\t\t\t\t\t\t\t\tDemonstratie\t\t\t\t\t\t\t\t<i class=\"fa fa-angle-right\"><\/i><\/span>\n\t\t\t\t\t\t\t<\/a>\n\t\t\t\t\t\t\t\t\t\t\t<\/div>\n\t\t\t\t<\/div>\n\t\t\t<\/div>\n\t\t<\/div>\n<\/section>\n\n\n<section  class=\"related-posts-section\">\n\t<div class=\"related-posts-section__container\">\n\t\t<div class=\"related-posts-section__row\">\n\t\t\t<div class=\"related-posts-section__block\">\n\t\t\t\t\t\t\t\t\t\t\t\t\t\t\t<div class=\"post\">\n\t\t\t\t\t\t\t<div class=\"left-side\">\n\t\t\t\t\t\t\t\t<h2 class=\"title\">Wie die Zentrale von Menzis Wageningen die gleiche Farbe beh\u00e4lt<\/h2>\n\t\t\t\t\t\t\t\t<p class=\"text\">Nat\u00fcrliche Einfl\u00fcsse wie Sonnenlicht hinterlassen schnell Spuren auf dem eloxierten Aluminium, einschlie\u00dflich der Verf\u00e4rbung der Farbschicht. Lesen Sie hier, wie die Qualit\u00e4t erhalten bleibt.<\/p>\n\t\t\t\t\t\t\t\t\t\t\t\t\t\t\t\t<div class=\"buttons-inner\">\n\t\t\t\t\t\t\t\t\t<a class=\"cta-button post-link\" href=\"https:\/\/bionicprotect.nl\/de\/projekte\/wie-die-zentrale-von-menzis-wageningen-die-gleiche-farbe-behaelt-2\/\">Weiterlesen<i\n\t\t\t\t\t\t\t\t\t\t\tclass='fa fa-angle-right'><\/i><\/a>\n\t\t\t\t\t\t\t\t\t\t\t\t\t\t\t\t\t\t\t<a class=\"cta-button arch-link\"\n\t\t\t\t\t\t\t\t\t\t\t href=\"https:\/\/bionicprotect.nl\/de\/projekte\/\">Mehr Projekte<i\n\t\t\t\t\t\t\t\t\t\t\t\tclass='fa fa-angle-right'><\/i><\/a>\n\t\t\t\t\t\t\t\t\t\t\t\t\t\t\t\t\t<\/div>\n\t\t\t\t\t\t\t<\/div>\n\t\t\t\t\t\t\t<div class=\"right-side\">\n\t\t\t\t\t\t\t\t<a href=\"https:\/\/bionicprotect.nl\/de\/projekte\/wie-die-zentrale-von-menzis-wageningen-die-gleiche-farbe-behaelt-2\/\">\n\t\t\t\t\t\t\t\t\t\t\t\t\t\t\t\t\t<img decoding=\"async\" src=\"https:\/\/bionicprotect.nl\/wp-content\/uploads\/Projecten-Menzis-542x328.jpg\" alt=\"Wie die Zentrale von Menzis Wageningen die gleiche Farbe beh\u00e4lt\">\n\t\t\t\t\t\t\t\t\t\t\t\t\t\t\t\t\t\t\t\t\t\t\t\t\t<\/a>\n\t\t\t\t\t\t\t<\/div>\n\t\t\t\t\t\t<\/div>\n\t\t\t\t\t\t\t\t<\/div>\n\t\t<\/div>\n\t<\/div>\n<\/section>\n\n\n\n        <div class=\"default-content wp-block-wrapper block-spacer-wrapper\">\n<div style=\"height:25px\" aria-hidden=\"true\" class=\"wp-block-spacer\"><\/div>\n<\/div>\n\n\n        <div class=\"default-content wp-block-wrapper block-separator-wrapper\">\n<hr class=\"wp-block-separator is-style-wide\"\/>\n<\/div>\n\n<section  class=\"faq-section\">\n\t<div class=\"faq-section__container\">\n\t\t<div class=\"faq-section__row\">\n\t\t\t<div class=\"faq-section__block\">\n\t\t\t\t\t\t\t\t\t<h3 class=\"title\">H\u00e4ufig gestellte Fragen zu BionicClean<\/h3>\n\t\t\t\t\t\t\t\t<div class=\"faq\">\n\t\t\t\t\t<div class=\"left-side\">\n\t\t\t\t\t\t\t\t\t\t\t\t\t\t\t\t\t\t<div class=\"accordion\">\n\t\t\t\t\t\t\t\t<div class=\"item\">\n\t\t\t\t\t\t\t\t\t<p class=\"toggle\" href=\"javascript:void(0);\">Wann verwende ich BionicClean Enzym Reiniger?\t\t\t\t\t\t\t\t\t\t<i class=\"fa fa-angle-down show-ico\" aria-hidden=\"true\"><\/i>\n\t\t\t\t\t\t\t\t\t<\/p>\n\t\t\t\t\t\t\t\t\t<div class=\"inner\">\n\t\t\t\t\t\t\t\t\t\t<div class=\"content\"><!-- wp:paragraph -->\n<p>BionicClean Enzym Reiniger ist eine transparente Desinfektions- und Reinigungsfl\u00fcssigkeit auf Basis von Enzymen. Ein Enzym ist ein Protein, das so v\u00f6llig nat\u00fcrlich ist, dass es eine Reaktion beschleunigt. Es baut Bakterien, Viren und alle organischen Schadstoffe molekular ab. BionicClean Enzym Reinigerbleibt sogar einige Tage aktiv. Sie m\u00fcssen die Oberfl\u00e4che nur mit (einem Tuch und) warmem Wasser abwischen, und die Enzyme werden reaktiviert. Dieser umweltfreundliche und biologische Reiniger ist weit verbreitet. BionicClean Enzym Reiniger eignet sich auch hervorragend f\u00fcr Oberfl\u00e4chen, die zuvor mit BionicCoat durchgef\u00fchrt wurden.<\/p>\n<!-- \/wp:paragraph --><\/div>\n\t\t\t\t\t\t\t\t\t<\/div>\n\t\t\t\t\t\t\t\t<\/div>\n\t\t\t\t\t\t\t<\/div>\n\t\t\t\t\t\t\t\t\t\t\t\t\t<div class=\"accordion\">\n\t\t\t\t\t\t\t\t<div class=\"item\">\n\t\t\t\t\t\t\t\t\t<p class=\"toggle\" href=\"javascript:void(0);\">Wann verwende ich BionicClean Ultra Reiniger?\t\t\t\t\t\t\t\t\t\t<i class=\"fa fa-angle-down show-ico\" aria-hidden=\"true\"><\/i>\n\t\t\t\t\t\t\t\t\t<\/p>\n\t\t\t\t\t\t\t\t\t<div class=\"inner\">\n\t\t\t\t\t\t\t\t\t\t<div class=\"content\"><!-- wp:paragraph -->\n<p>BionicClean Ultra Reiniger ist ein konzentrierter, neutraler und frisch riechender Reiniger f\u00fcr die Pflege von Oberfl\u00e4chen wie Kunststoff, Fliesen, B\u00f6den, T\u00fcren, Glas und Aluminium. Es reinigt die regul\u00e4ren Schadstoffe auf kraftvolle Weise. Das dauerhafte Reinigungsmittel ist f\u00fcr den Innen- und Au\u00dfenbereich geeignet. BionicClean Ultra Reiniger eignet sich auch hervorragend f\u00fcr Oberfl\u00e4chen, die zuvor mit BionicCoat durchgef\u00fchrt wurden.<\/p>\n<!-- \/wp:paragraph --><\/div>\n\t\t\t\t\t\t\t\t\t<\/div>\n\t\t\t\t\t\t\t\t<\/div>\n\t\t\t\t\t\t\t<\/div>\n\t\t\t\t\t\t\t\t\t\t\t\t\t<div class=\"accordion\">\n\t\t\t\t\t\t\t\t<div class=\"item\">\n\t\t\t\t\t\t\t\t\t<p class=\"toggle\" href=\"javascript:void(0);\">Wann verwende ich BionicClean Graffiti Remover?\t\t\t\t\t\t\t\t\t\t<i class=\"fa fa-angle-down show-ico\" aria-hidden=\"true\"><\/i>\n\t\t\t\t\t\t\t\t\t<\/p>\n\t\t\t\t\t\t\t\t\t<div class=\"inner\">\n\t\t\t\t\t\t\t\t\t\t<div class=\"content\"><!-- wp:paragraph -->\n<p>Nichts ist \u00e4rgerlicher als Graffiti auf Ihrem Grundst\u00fcck, egal ob mit Spr\u00fchdose, normaler Farbe oder Filzstift. Bisher war die Entfernung immer mit gro\u00dfen Unannehmlichkeiten und hohen Kosten verbunden. Und wenn sie entfernt wurden, blieben die Konturen der Graffiti fast immer sichtbar. Eine vollst\u00e4ndige Neulackierung war oft die einzig zufriedenstellende L\u00f6sung. Aber \u2026 das ist dank BionicClean Graffiti Remover nicht mehr n\u00f6tig. Das Graffiti ist augenblicklich verschwunden: einfach, schnell, effektiv und kosteng\u00fcnstig.<\/p>\n<!-- \/wp:paragraph --><\/div>\n\t\t\t\t\t\t\t\t\t<\/div>\n\t\t\t\t\t\t\t\t<\/div>\n\t\t\t\t\t\t\t<\/div>\n\t\t\t\t\t\t\t\t\t\t\t<\/div>\n\t\t\t\t\t<div class=\"right-side\">\n\t\t\t\t\t\t\t\t\t\t\t\t\t\t\t\t\t\t<div class=\"accordion\">\n\t\t\t\t\t\t\t\t<div class=\"item\">\n\t\t\t\t\t\t\t\t\t<p class=\"toggle\" href=\"javascript:void(0);\">Sind die BionicClean-Reiniger f\u00fcr den professionellen Einsatz entwickelt?\t\t\t\t\t\t\t\t\t\t<i class=\"fa fa-angle-down show-ico\" aria-hidden=\"true\"><\/i>\n\t\t\t\t\t\t\t\t\t<\/p>\n\t\t\t\t\t\t\t\t\t<div class=\"inner\">\n\t\t\t\t\t\t\t\t\t\t<div class=\"content\"><!-- wp:paragraph -->\n<p>Alle BionicClean-Reiniger wurden f\u00fcr den professionellen Einsatz entwickelt. Sie bestehen aus leistungsstarken Inhaltsstoffen, die Oberfl\u00e4chen optimal reinigen. Jedes Material erfordert eine eigene Behandlung, weshalb es unterschiedliche Reinigungsmittel gibt. Auf diese Weise f\u00fchrt jedes Reinigungsprojekt zu einem au\u00dfergew\u00f6hnlichen Ergebnis. Nehmen Sie zum Beispiel den Enzymreiniger, der ein Reinigungsergebnis von bis zu 40 VCA erzielt (Ergebnis Radboud UMC Nimwegen Niederlande \u201920). Ein Ergebnis, das weit unter dem f\u00fcr Operationss\u00e4le erforderlichen Standard (100 VCA) liegt.<\/p>\n<!-- \/wp:paragraph --><\/div>\n\t\t\t\t\t\t\t\t\t<\/div>\n\t\t\t\t\t\t\t\t<\/div>\n\t\t\t\t\t\t\t<\/div>\n\t\t\t\t\t\t\t\t\t\t\t\t\t<div class=\"accordion\">\n\t\t\t\t\t\t\t\t<div class=\"item\">\n\t\t\t\t\t\t\t\t\t<p class=\"toggle\" href=\"javascript:void(0);\">Wann verwende ich BionicClean Schaum Reiniger?\t\t\t\t\t\t\t\t\t\t<i class=\"fa fa-angle-down show-ico\" aria-hidden=\"true\"><\/i>\n\t\t\t\t\t\t\t\t\t<\/p>\n\t\t\t\t\t\t\t\t\t<div class=\"inner\">\n\t\t\t\t\t\t\t\t\t\t<div class=\"content\"><!-- wp:paragraph -->\n<p>BionicClean Schaum Reiniger ist ein hochkonzentriertes, neutrales und umweltfreundliches Produkt zur Pflege von Oberfl\u00e4chen an schwer zug\u00e4nglichen Stellen wie Fassaden und Decken. Die Schaumschicht h\u00e4lt das starke Reinigungsmittel an Ort und Stelle, um eine ausreichende Durchdringung und Reinigungskraft zu gew\u00e4hrleisten. Das Reinigungsmittel ist f\u00fcr den Innen- und Au\u00dfenbereich geeignet. BionicClean Schaum Reiniger eignet sich auch hervorragend f\u00fcr Oberfl\u00e4chen, die zuvor mit BionicCoat durchgef\u00fchrt wurden.<\/p>\n<!-- \/wp:paragraph --><\/div>\n\t\t\t\t\t\t\t\t\t<\/div>\n\t\t\t\t\t\t\t\t<\/div>\n\t\t\t\t\t\t\t<\/div>\n\t\t\t\t\t\t\t\t\t\t\t\t\t<div class=\"accordion\">\n\t\t\t\t\t\t\t\t<div class=\"item\">\n\t\t\t\t\t\t\t\t\t<p class=\"toggle\" href=\"javascript:void(0);\">Wann verwende ich BionicClean Lime Solvent?\t\t\t\t\t\t\t\t\t\t<i class=\"fa fa-angle-down show-ico\" aria-hidden=\"true\"><\/i>\n\t\t\t\t\t\t\t\t\t<\/p>\n\t\t\t\t\t\t\t\t\t<div class=\"inner\">\n\t\t\t\t\t\t\t\t\t\t<div class=\"content\"><!-- wp:paragraph -->\n<p>BionicClean Lime Solvent ist ein professioneller Spezialreiniger f\u00fcr Kalk und Rost. Kalk und Rost erfordern eine wirksame Behandlung, und genau darum k\u00fcmmert sich BionicClean Lime Solver. Der ideale Reiniger zum Beispiel f\u00fcr Badezimmer, Duschw\u00e4nde, Fliesen und Arbeitsumgebungen, in denen aufgrund des Wasserverbrauchs Kalk zur\u00fcckbleibt. An vielen Metallgegenst\u00e4nden kann sich Rost \/ Korrosion entwickeln. BionicClean Kalk Solver wei\u00df auch, was damit zu tun ist. BionicClean Lime Solvent eignet sich auch hervorragend f\u00fcr Oberfl\u00e4chen, die zuvor mit BionicCoat durchgef\u00fchrt wurden.<\/p>\n<!-- \/wp:paragraph --><\/div>\n\t\t\t\t\t\t\t\t\t<\/div>\n\t\t\t\t\t\t\t\t<\/div>\n\t\t\t\t\t\t\t<\/div>\n\t\t\t\t\t\t\t\t\t\t\t\t\t<div class=\"accordion\">\n\t\t\t\t\t\t\t\t<div class=\"item\">\n\t\t\t\t\t\t\t\t\t<p class=\"toggle\" href=\"javascript:void(0);\">Was ist der Unterschied zwischen Vorreinigung und Nachreinigung f\u00fcr beschichtete Materialien?\t\t\t\t\t\t\t\t\t\t<i class=\"fa fa-angle-down show-ico\" aria-hidden=\"true\"><\/i>\n\t\t\t\t\t\t\t\t\t<\/p>\n\t\t\t\t\t\t\t\t\t<div class=\"inner\">\n\t\t\t\t\t\t\t\t\t\t<div class=\"content\"><!-- wp:paragraph -->\n<p>Die Reinigung kann in Vorreinigung und Nachreinigung unterteilt werden, wenn es sich um beschichtete Materialien handelt. Wenn Sie ein Produkt mit BionicCoat versehen m\u00f6chten, muss das Material so sauber wie m\u00f6glich sein, damit die Beschichtung so weit wie m\u00f6glich eindringen kann. In einigen F\u00e4llen (siehe BionicCoats auf dieser Website) wird eine Reinigung mit Isopropanol (99,9%) oder BionicClean Schaum Reiniger empfohlen. In anderen F\u00e4llen ist die Verwendung von BionicClean Enzym Reiniger ausreichend, m\u00f6glicherweise mit BionicClean Kalkl\u00f6sser f\u00fcr Kalk und \/ oder Rost. Verwenden Sie zur regelm\u00e4\u00dfigen Wartung (anschlie\u00dfende Reinigung) BionicClean Enzym Reiniger, BionicClean Ultra Reiniger und \/ oder BionicClean Kalkl\u00f6sser.\u00a0<\/p>\n<!-- \/wp:paragraph --><\/div>\n\t\t\t\t\t\t\t\t\t<\/div>\n\t\t\t\t\t\t\t\t<\/div>\n\t\t\t\t\t\t\t<\/div>\n\t\t\t\t\t\t\t\t\t\t\t<\/div>\n\t\t\t\t<\/div>\n\t\t\t<\/div>\n\t\t<\/div>\n\t<\/div>\n<\/section>\n","protected":false},"excerpt":{"rendered":"<p>BionicClean f\u00fcr eine nachhaltige Reinigung<\/p>\n","protected":false},"author":3,"featured_media":0,"parent":0,"menu_order":0,"comment_status":"closed","ping_status":"closed","template":"","meta":{"_acf_changed":false,"inline_featured_image":false,"footnotes":""},"class_list":["post-5679","page","type-page","status-publish","hentry"],"acf":[],"yoast_head":"<!-- This site is optimized with the Yoast SEO plugin v27.3 - https:\/\/yoast.com\/product\/yoast-seo-wordpress\/ -->\n<title>BionicClean - BionicProtect<\/title>\n<meta name=\"robots\" content=\"index, follow, max-snippet:-1, max-image-preview:large, max-video-preview:-1\" \/>\n<link rel=\"canonical\" href=\"https:\/\/bionicprotect.nl\/de\/bionicclean\/\" \/>\n<meta property=\"og:locale\" content=\"de_DE\" \/>\n<meta property=\"og:type\" content=\"article\" \/>\n<meta property=\"og:title\" content=\"BionicClean - BionicProtect\" \/>\n<meta property=\"og:description\" content=\"BionicClean f\u00fcr eine nachhaltige Reinigung\" \/>\n<meta property=\"og:url\" content=\"https:\/\/bionicprotect.nl\/de\/bionicclean\/\" \/>\n<meta property=\"og:site_name\" content=\"BionicProtect\" \/>\n<meta property=\"article:modified_time\" content=\"2021-04-26T12:31:40+00:00\" \/>\n<meta name=\"twitter:card\" content=\"summary_large_image\" \/>\n<meta name=\"twitter:label1\" content=\"Gesch\u00e4tzte Lesezeit\" \/>\n\t<meta name=\"twitter:data1\" content=\"1 Minute\" \/>\n<script type=\"application\/ld+json\" class=\"yoast-schema-graph\">{\"@context\":\"https:\\\/\\\/schema.org\",\"@graph\":[{\"@type\":\"WebPage\",\"@id\":\"https:\\\/\\\/bionicprotect.nl\\\/de\\\/bionicclean\\\/\",\"url\":\"https:\\\/\\\/bionicprotect.nl\\\/de\\\/bionicclean\\\/\",\"name\":\"BionicClean - BionicProtect\",\"isPartOf\":{\"@id\":\"https:\\\/\\\/bionicprotect.nl\\\/#website\"},\"datePublished\":\"2021-02-24T11:49:29+00:00\",\"dateModified\":\"2021-04-26T12:31:40+00:00\",\"breadcrumb\":{\"@id\":\"https:\\\/\\\/bionicprotect.nl\\\/de\\\/bionicclean\\\/#breadcrumb\"},\"inLanguage\":\"de-DE\",\"potentialAction\":[{\"@type\":\"ReadAction\",\"target\":[\"https:\\\/\\\/bionicprotect.nl\\\/de\\\/bionicclean\\\/\"]}]},{\"@type\":\"BreadcrumbList\",\"@id\":\"https:\\\/\\\/bionicprotect.nl\\\/de\\\/bionicclean\\\/#breadcrumb\",\"itemListElement\":[{\"@type\":\"ListItem\",\"position\":1,\"name\":\"Home\",\"item\":\"https:\\\/\\\/bionicprotect.nl\\\/de\\\/\"},{\"@type\":\"ListItem\",\"position\":2,\"name\":\"BionicClean\"}]},{\"@type\":\"WebSite\",\"@id\":\"https:\\\/\\\/bionicprotect.nl\\\/#website\",\"url\":\"https:\\\/\\\/bionicprotect.nl\\\/\",\"name\":\"BionicProtect\",\"description\":\"En nog een WordPress site\",\"potentialAction\":[{\"@type\":\"SearchAction\",\"target\":{\"@type\":\"EntryPoint\",\"urlTemplate\":\"https:\\\/\\\/bionicprotect.nl\\\/?s={search_term_string}\"},\"query-input\":{\"@type\":\"PropertyValueSpecification\",\"valueRequired\":true,\"valueName\":\"search_term_string\"}}],\"inLanguage\":\"de-DE\"}]}<\/script>\n<!-- \/ Yoast SEO plugin. -->","yoast_head_json":{"title":"BionicClean - BionicProtect","robots":{"index":"index","follow":"follow","max-snippet":"max-snippet:-1","max-image-preview":"max-image-preview:large","max-video-preview":"max-video-preview:-1"},"canonical":"https:\/\/bionicprotect.nl\/de\/bionicclean\/","og_locale":"de_DE","og_type":"article","og_title":"BionicClean - BionicProtect","og_description":"BionicClean f\u00fcr eine nachhaltige Reinigung","og_url":"https:\/\/bionicprotect.nl\/de\/bionicclean\/","og_site_name":"BionicProtect","article_modified_time":"2021-04-26T12:31:40+00:00","twitter_card":"summary_large_image","twitter_misc":{"Gesch\u00e4tzte Lesezeit":"1 Minute"},"schema":{"@context":"https:\/\/schema.org","@graph":[{"@type":"WebPage","@id":"https:\/\/bionicprotect.nl\/de\/bionicclean\/","url":"https:\/\/bionicprotect.nl\/de\/bionicclean\/","name":"BionicClean - BionicProtect","isPartOf":{"@id":"https:\/\/bionicprotect.nl\/#website"},"datePublished":"2021-02-24T11:49:29+00:00","dateModified":"2021-04-26T12:31:40+00:00","breadcrumb":{"@id":"https:\/\/bionicprotect.nl\/de\/bionicclean\/#breadcrumb"},"inLanguage":"de-DE","potentialAction":[{"@type":"ReadAction","target":["https:\/\/bionicprotect.nl\/de\/bionicclean\/"]}]},{"@type":"BreadcrumbList","@id":"https:\/\/bionicprotect.nl\/de\/bionicclean\/#breadcrumb","itemListElement":[{"@type":"ListItem","position":1,"name":"Home","item":"https:\/\/bionicprotect.nl\/de\/"},{"@type":"ListItem","position":2,"name":"BionicClean"}]},{"@type":"WebSite","@id":"https:\/\/bionicprotect.nl\/#website","url":"https:\/\/bionicprotect.nl\/","name":"BionicProtect","description":"En nog een WordPress site","potentialAction":[{"@type":"SearchAction","target":{"@type":"EntryPoint","urlTemplate":"https:\/\/bionicprotect.nl\/?s={search_term_string}"},"query-input":{"@type":"PropertyValueSpecification","valueRequired":true,"valueName":"search_term_string"}}],"inLanguage":"de-DE"}]}},"_links":{"self":[{"href":"https:\/\/bionicprotect.nl\/de\/wp-json\/wp\/v2\/pages\/5679","targetHints":{"allow":["GET"]}}],"collection":[{"href":"https:\/\/bionicprotect.nl\/de\/wp-json\/wp\/v2\/pages"}],"about":[{"href":"https:\/\/bionicprotect.nl\/de\/wp-json\/wp\/v2\/types\/page"}],"author":[{"embeddable":true,"href":"https:\/\/bionicprotect.nl\/de\/wp-json\/wp\/v2\/users\/3"}],"replies":[{"embeddable":true,"href":"https:\/\/bionicprotect.nl\/de\/wp-json\/wp\/v2\/comments?post=5679"}],"version-history":[{"count":0,"href":"https:\/\/bionicprotect.nl\/de\/wp-json\/wp\/v2\/pages\/5679\/revisions"}],"wp:attachment":[{"href":"https:\/\/bionicprotect.nl\/de\/wp-json\/wp\/v2\/media?parent=5679"}],"curies":[{"name":"wp","href":"https:\/\/api.w.org\/{rel}","templated":true}]}}